{"id":2248,"date":"2016-02-10T04:33:55","date_gmt":"2016-02-10T04:33:55","guid":{"rendered":"http:\/\/projects.thesparxitsolutions.com\/CSS4955\/pt-br\/home\/"},"modified":"2025-09-02T14:51:37","modified_gmt":"2025-09-02T09:21:37","slug":"home","status":"publish","type":"page","link":"https:\/\/reefberry.com\/pt-br\/","title":{"rendered":"Home"},"content":{"rendered":"<div class=\"wpb-content-wrapper\"><p>[vc_row][vc_column][vc_row_inner][vc_column_inner][vc_column_text css=&#8221;&#8221;]<\/p>\n<div style=\"clear: both;\"><\/div>\n\n\t\t<!-- MasterSlider -->\n\t\t<div id=\"P_MS69ecbc301fa36\" class=\"master-slider-parent msl ms-parent-id-1\" style=\"\">\n\n\t\t\t\n\t\t\t<!-- MasterSlider Main -->\n\t\t\t<div id=\"MS69ecbc301fa36\" class=\"master-slider ms-skin-light-6 round-skin\" >\n\t\t\t\t \t\t\t\t \n\t\t\t\t<div  class=\"ms-slide\" data-delay=\"3\" data-fill-mode=\"fill\"  >\n\t\t\t\t\t<img decoding=\"async\" src=\"https:\/\/reefberry.com\/wp-content\/plugins\/master-slider\/public\/assets\/css\/blank.gif\" alt=\"\" title=\"\" data-src=\"https:\/\/reefberry.com\/wp-content\/uploads\/2016\/03\/Lobster.jpg\" \/>\n\n\n\t<div class=\"ms-thumb\" ><div class=\"ms-tab-context\"><div class=\"&quot;ms-tab-context&quot;\"><\/div><\/div>\n<\/div>\n\t\t\t\t<\/div>\n\t\t\t\t<div  class=\"ms-slide\" data-delay=\"3\" data-fill-mode=\"fill\"  >\n\t\t\t\t\t<img decoding=\"async\" src=\"https:\/\/reefberry.com\/wp-content\/plugins\/master-slider\/public\/assets\/css\/blank.gif\" alt=\"\" title=\"\" data-src=\"https:\/\/reefberry.com\/wp-content\/uploads\/2016\/03\/Banner-2.jpg\" \/>\n\n\n\t<div class=\"ms-thumb\" ><div class=\"ms-tab-context\"><div class=\"&quot;ms-tab-context&quot;\"><\/div><\/div>\n<\/div>\n\t\t\t\t<\/div>\n\t\t\t\t<div  class=\"ms-slide\" data-delay=\"3\" data-fill-mode=\"fill\"  >\n\t\t\t\t\t<img decoding=\"async\" src=\"https:\/\/reefberry.com\/wp-content\/plugins\/master-slider\/public\/assets\/css\/blank.gif\" alt=\"\" title=\"\" data-src=\"https:\/\/reefberry.com\/wp-content\/uploads\/2016\/03\/Banner-1.jpg\" \/>\n\n\n\t<div class=\"ms-thumb\" ><div class=\"ms-tab-context\"><div class=\"&quot;ms-tab-context&quot;\"><\/div><\/div>\n<\/div>\n\t\t\t\t<\/div>\n\t\t\t\t<div  class=\"ms-slide\" data-delay=\"3\" data-fill-mode=\"fill\"  >\n\t\t\t\t\t<img decoding=\"async\" src=\"https:\/\/reefberry.com\/wp-content\/plugins\/master-slider\/public\/assets\/css\/blank.gif\" alt=\"\" title=\"\" data-src=\"https:\/\/reefberry.com\/wp-content\/uploads\/2016\/03\/Banner-6.jpg\" \/>\n\n\n\t<div class=\"ms-thumb\" ><div class=\"ms-tab-context\"><div class=\"&quot;ms-tab-context&quot;\"><\/div><\/div>\n<\/div>\n\t\t\t\t<\/div>\n\t\t\t\t<div  class=\"ms-slide\" data-delay=\"3\" data-fill-mode=\"fill\"  >\n\t\t\t\t\t<img decoding=\"async\" src=\"https:\/\/reefberry.com\/wp-content\/plugins\/master-slider\/public\/assets\/css\/blank.gif\" alt=\"\" title=\"\" data-src=\"https:\/\/reefberry.com\/wp-content\/uploads\/2016\/03\/Banner-4-2.jpg\" \/>\n\n\n\t<div class=\"ms-thumb\" ><div class=\"ms-tab-context\"><div class=\"&quot;ms-tab-context&quot;\"><\/div><\/div>\n<\/div>\n\t\t\t\t<\/div>\n\t\t\t\t<div  class=\"ms-slide\" data-delay=\"3\" data-fill-mode=\"fill\"  >\n\t\t\t\t\t<img decoding=\"async\" src=\"https:\/\/reefberry.com\/wp-content\/plugins\/master-slider\/public\/assets\/css\/blank.gif\" alt=\"\" title=\"\" data-src=\"https:\/\/reefberry.com\/wp-content\/uploads\/2016\/03\/Banner-3.jpg\" \/>\n\n\n\t<div class=\"ms-thumb\" ><div class=\"ms-tab-context\"><div class=\"&quot;ms-tab-context&quot;\"><\/div><\/div>\n<\/div>\n\t\t\t\t<\/div>\n\t\t\t\t<div  class=\"ms-slide\" data-delay=\"3\" data-fill-mode=\"fill\"  >\n\t\t\t\t\t<img decoding=\"async\" src=\"https:\/\/reefberry.com\/wp-content\/plugins\/master-slider\/public\/assets\/css\/blank.gif\" alt=\"\" title=\"\" data-src=\"https:\/\/reefberry.com\/wp-content\/uploads\/2016\/03\/Banner-5.jpg\" \/>\n\n\n\t<div class=\"ms-thumb\" ><div class=\"ms-tab-context\"><div class=\"&quot;ms-tab-context&quot;\"><\/div><\/div>\n<\/div>\n\t\t\t\t<\/div>\n\n\t\t\t<\/div>\n\t\t\t<!-- END MasterSlider Main -->\n\n\t\t\t \n\t\t<\/div>\n\t\t<!-- END MasterSlider -->\n\n\t\t<script>\n\t\t(function ( $ ) {\n\t\t\t\"use strict\";\n\n\t\t\t$(function () {\n\t\t\t\tvar masterslider_fa36 = new MasterSlider();\n\n\t\t\t\t\/\/ slider controls\n\t\t\t\tmasterslider_fa36.control('arrows'     ,{ autohide:false, overVideo:true  });\n\t\t\t\tmasterslider_fa36.control('scrollbar'  ,{ autohide:true, overVideo:true, dir:'h', inset:true, align:'top', color:'#404040' , margin:10  , width:4 });\n\t\t\t\t\/\/ slider setup\n\t\t\t\tmasterslider_fa36.setup(\"MS69ecbc301fa36\", {\n\t\t\t\t\t\twidth           : 800,\n\t\t\t\t\t\theight          : 480,\n\t\t\t\t\t\tminHeight       : 790,\n\t\t\t\t\t\tspace           : 0,\n\t\t\t\t\t\tstart           : 1,\n\t\t\t\t\t\tgrabCursor      : true,\n\t\t\t\t\t\tswipe           : true,\n\t\t\t\t\t\tmouse           : true,\n\t\t\t\t\t\tlayout          : \"fullwidth\",\n\t\t\t\t\t\twheel           : false,\n\t\t\t\t\t\tautoplay        : true,\n\t\t\t\t\t\tinstantStartLayers:false,\n\t\t\t\t\t\tloop            : false,\n\t\t\t\t\t\tshuffle         : false,\n\t\t\t\t\t\tpreload         : 0,\n\t\t\t\t\t\theightLimit     : true,\n\t\t\t\t\t\tautoHeight      : false,\n\t\t\t\t\t\tsmoothHeight    : true,\n\t\t\t\t\t\tendPause        : false,\n\t\t\t\t\t\toverPause       : true,\n\t\t\t\t\t\tfillMode        : \"fill\",\n\t\t\t\t\t\tcenterControls  : false,\n\t\t\t\t\t\tstartOnAppear   : false,\n\t\t\t\t\t\tlayersMode      : \"center\",\n\t\t\t\t\t\thideLayers      : false,\n\t\t\t\t\t\tfullscreenMargin: 0,\n\t\t\t\t\t\tspeed           : 20,\n\t\t\t\t\t\tdir             : \"h\",\n\t\t\t\t\t\tparallaxMode    : 'swipe',\n\t\t\t\t\t\tview            : \"fade\"\n\t\t\t\t});\n\n\t\t\t\t\n\t\t\t\twindow.masterslider_instances = window.masterslider_instances || [];\n\t\t\t\twindow.masterslider_instances.push( masterslider_fa36 );\n\t\t\t });\n\n\t\t})(jQuery);\n\t\t<\/script>\n\n\n<div style=\"clear: both;\"><\/div>\n<p>[\/vc_column_text][\/vc_column_inner][\/vc_row_inner]    \n    <div class=\"row bann\" style=\"background-image: url(https:\/\/reefberry.com\/wp-content\/uploads\/2016\/02\/homebanner-7.png)\">\n        <div class=\"row\">\n            <div class=\"bn container \">\n                <div class=\"col-md-6 upper\">\n                    <h2>@REEFBERRY<\/h2>\n                    <h4 class=\"tb\">VIS\u00c3O<\/h4>\n                    <p class=\"sa\">Contribuir da melhor forma para fornecer alimentos saud\u00e1veis e de luxo a pre\u00e7os acess\u00edveis a toda a comunidade global, algo essencial para uma sociedade saud\u00e1vel.<\/p>\n                    <h4 class=\"sa2\">Miss\u00e3o<\/h4>\n                    <p class=\"end\">Raramente, a paix\u00e3o impulsiona a inten\u00e7\u00e3o e a miss\u00e3o, e aqui a sorte est\u00e1 do nosso lado. Na Reefberry, esfor\u00e7amo-nos por inovar produtos e servi\u00e7os alimentares de qualidade superior, dedicando o nosso talento para melhorar a sa\u00fade da sociedade em geral, em todo o mundo.<\/p>\n                <\/div>\n            <\/div>\n        <\/div>\n    <\/div>\n    \n    [\/vc_column][\/vc_row][vc_row][vc_column el_class=&#8221;upper&#8221;][vc_btn title=&#8221;Produtos&#8221; align=&#8221;center&#8221; el_class=&#8221;product-heading&#8221; link=&#8221;url:http%3A%2F%2Freefberry.com%2Fproducts%2F|title:Produtos|target:%20_blank|&#8221;][vc_row_inner el_class=&#8221;container&#8221;][vc_column_inner][vc_column_text css_animation=&#8221;left-to-right&#8221; el_class=&#8221;products-note&#8221;]<\/p>\n<p>Oferecemos uma vasta gama de peixes e marisco de qualidade em quantidade e em todas as formas poss\u00edveis que possa desejar.<\/p>\n<p>&nbsp;<\/p>\n<p>S\u00e3o 100% org\u00e2nicos, capturados em estado selvagem nas \u00e1guas puras do vasto Mar Ar\u00e1bico [\u00c1rea 51 da FAO] e processados imediatamente, sem perda de tempo.<\/p>\n<p>[\/vc_column_text][\/vc_column_inner][\/vc_row_inner][\/vc_column][vc_column][\/vc_column][\/vc_row][vc_row][vc_column][vc_row_inner][vc_column_inner el_class=&#8221;products-section-img&#8221; width=&#8221;2\/3&#8243;][vc_single_image image=&#8221;1336&#8243; img_size=&#8221;full&#8221; css_animation=&#8221;left-to-right&#8221;][\/vc_column_inner][vc_column_inner el_class=&#8221;container shellfish-butn&#8221; width=&#8221;1\/3&#8243; css=&#8221;.vc_custom_1468245869424{margin-top: 60px !important;margin-bottom: 0px !important;}&#8221;][vc_btn title=&#8221;Marisco&#8221; style=&#8221;flat&#8221; align=&#8221;left&#8221; css_animation=&#8221;right-to-left&#8221; css=&#8221;.vc_custom_1503995463586{margin-top: 200px !important;}&#8221; el_class=&#8221;product-name&#8221; link=&#8221;url:http%3A%2F%2Freefberry.com%2Fproducts%23shell-fish|title:Produtos|&#8221;][\/vc_column_inner][\/vc_row_inner][\/vc_column][\/vc_row][vc_row full_width=&#8221;stretch_row_content&#8221; el_class=&#8221;demo-product-border&#8221;][vc_column][vc_row_inner][vc_column_inner el_class=&#8221;fin-fish-butn&#8221; width=&#8221;1\/4&#8243; css=&#8221;.vc_custom_1468246282854{margin-top: 200px !important;}&#8221;][vc_btn title=&#8221;Peixe&#8221; style=&#8221;flat&#8221; align=&#8221;right&#8221; css_animation=&#8221;left-to-right&#8221; el_class=&#8221;product-name sda&#8221; link=&#8221;url:http%3A%2F%2Freefberry.com%2Fproducts%23fin-fish|title:Produtos|&#8221;][\/vc_column_inner][vc_column_inner el_class=&#8221;fish-image&#8221; width=&#8221;3\/4&#8243; css=&#8221;.vc_custom_1468246155081{margin-right: -15px !important;}&#8221;][vc_single_image image=&#8221;1337&#8243; img_size=&#8221;full&#8221; alignment=&#8221;right&#8221; css_animation=&#8221;right-to-left&#8221;][\/vc_column_inner][\/vc_row_inner][\/vc_column][\/vc_row][vc_row el_class=&#8221;team&#8221;][vc_column][vc_btn title=&#8221;Equipe&#8221; style=&#8221;flat&#8221; align=&#8221;center&#8221; el_class=&#8221;section-heading teamm&#8221;][vc_row_inner el_class=&#8221;container team-slider&#8221;][vc_column_inner]<div class=\"flexslider founder\" ><ul class=\"slides \"><li><div class=\"row\"><div class=\"items  col-xs-12 col-sm-3\" ><div  class=\"popup\" title=\"1302\"><img loading=\"lazy\" decoding=\"async\" width=\"300\" height=\"291\" src=\"https:\/\/reefberry.com\/wp-content\/uploads\/2016\/03\/Anand-Shukla-300x291.jpg\" class=\"attachment-medium size-medium wp-post-image\" alt=\"\" srcset=\"https:\/\/reefberry.com\/wp-content\/uploads\/2016\/03\/Anand-Shukla-300x291.jpg 300w, https:\/\/reefberry.com\/wp-content\/uploads\/2016\/03\/Anand-Shukla-768x744.jpg 768w, https:\/\/reefberry.com\/wp-content\/uploads\/2016\/03\/Anand-Shukla.jpg 938w\" sizes=\"auto, (max-width: 300px) 100vw, 300px\" \/>\n\n\t                <\/div><h2>Anand Shukla<\/h2><p>Diretor e Fundador<\/p><\/div><div class=\"items  col-xs-12 col-sm-3\" ><div  class=\"popup\" title=\"1303\"><img loading=\"lazy\" decoding=\"async\" width=\"300\" height=\"265\" src=\"https:\/\/reefberry.com\/wp-content\/uploads\/2016\/03\/shefely-300x265.jpg\" class=\"attachment-medium size-medium wp-post-image\" alt=\"\" srcset=\"https:\/\/reefberry.com\/wp-content\/uploads\/2016\/03\/shefely-300x265.jpg 300w, https:\/\/reefberry.com\/wp-content\/uploads\/2016\/03\/shefely.jpg 590w\" sizes=\"auto, (max-width: 300px) 100vw, 300px\" \/>\n\n\t                <\/div><h2>Shefaly Anand<\/h2><p>Diretora<\/p><\/div><div class=\"items  col-xs-12 col-sm-3\" ><div  class=\"popup\" title=\"1304\"><img loading=\"lazy\" decoding=\"async\" width=\"222\" height=\"300\" src=\"https:\/\/reefberry.com\/wp-content\/uploads\/2016\/03\/image-Copy-222x300.jpg\" class=\"attachment-medium size-medium wp-post-image\" alt=\"\" srcset=\"https:\/\/reefberry.com\/wp-content\/uploads\/2016\/03\/image-Copy-222x300.jpg 222w, https:\/\/reefberry.com\/wp-content\/uploads\/2016\/03\/image-Copy.jpg 361w\" sizes=\"auto, (max-width: 222px) 100vw, 222px\" \/>\n\n\t                <\/div><h2>Subhash  Srivastav<\/h2><p>Administrador de Desenvolvimento Negocial <\/p><\/div><div class=\"items  col-xs-12 col-sm-3\" ><div  class=\"popup\" title=\"1305\"><img loading=\"lazy\" decoding=\"async\" width=\"300\" height=\"278\" src=\"https:\/\/reefberry.com\/wp-content\/uploads\/2016\/03\/Prakash-Vanik-300x278.jpg\" class=\"attachment-medium size-medium wp-post-image\" alt=\"\" srcset=\"https:\/\/reefberry.com\/wp-content\/uploads\/2016\/03\/Prakash-Vanik-300x278.jpg 300w, https:\/\/reefberry.com\/wp-content\/uploads\/2016\/03\/Prakash-Vanik-768x712.jpg 768w, https:\/\/reefberry.com\/wp-content\/uploads\/2016\/03\/Prakash-Vanik-1024x949.jpg 1024w, https:\/\/reefberry.com\/wp-content\/uploads\/2016\/03\/Prakash-Vanik.jpg 1210w\" sizes=\"auto, (max-width: 300px) 100vw, 300px\" \/>\n\n\t                <\/div><h2>Prakash  Vanik<\/h2><p>Administrador do Processo Controlo<\/p><\/div><\/div><\/li><li><div class=\"row\"><div class=\"items  col-xs-12 col-sm-3\" ><div  class=\"popup\" title=\"1306\"><img loading=\"lazy\" decoding=\"async\" width=\"300\" height=\"228\" src=\"https:\/\/reefberry.com\/wp-content\/uploads\/2016\/03\/chetan-300x228.jpg\" class=\"attachment-medium size-medium wp-post-image\" alt=\"\" srcset=\"https:\/\/reefberry.com\/wp-content\/uploads\/2016\/03\/chetan-300x228.jpg 300w, https:\/\/reefberry.com\/wp-content\/uploads\/2016\/03\/chetan.jpg 599w\" sizes=\"auto, (max-width: 300px) 100vw, 300px\" \/>\n\n\t                <\/div><h2>Chetan  Fofandi<\/h2><p>Executivo do Ramo de Transportes<\/p><\/div><div class=\"items  col-xs-12 col-sm-3\" ><div  class=\"popup\" title=\"1307\"><img loading=\"lazy\" decoding=\"async\" width=\"300\" height=\"218\" src=\"https:\/\/reefberry.com\/wp-content\/uploads\/2016\/03\/yunish-300x218.jpg\" class=\"attachment-medium size-medium wp-post-image\" alt=\"\" srcset=\"https:\/\/reefberry.com\/wp-content\/uploads\/2016\/03\/yunish-300x218.jpg 300w, https:\/\/reefberry.com\/wp-content\/uploads\/2016\/03\/yunish.jpg 609w\" sizes=\"auto, (max-width: 300px) 100vw, 300px\" \/>\n\n\t                <\/div><h2>Yunus  Sarkar<\/h2><p>Executivo do Processo de Controlo<\/p><\/div><\/ul><\/div>[\/vc_column_inner][\/vc_row_inner][\/vc_column][\/vc_row][vc_row el_class=&#8221;border&#8221; css=&#8221;.vc_custom_1455695908473{padding-bottom: 80px !important;}&#8221;][vc_column][vc_row_inner][vc_column_inner][vc_btn title=&#8221;Opini\u00f5es dos clientes&#8221; style=&#8221;classic&#8221; align=&#8221;center&#8221; css=&#8221;&#8221; el_class=&#8221;section-heading extra2 client-speak&#8221;][\/vc_column_inner][\/vc_row_inner][vc_row_inner css=&#8221;.vc_custom_1467789566238{padding-top: 72px !important;padding-bottom: 0px !important;background-image: url(http:\/\/localhost\/local-theme\/reefberry\/wp-content\/uploads\/2016\/02\/air-1.png?id=2062) !important;background-position: 0 0 !important;background-repeat: no-repeat !important;}&#8221; el_class=&#8221;slider-bg-img&#8221;][vc_column_inner width=&#8221;1\/6&#8243;][\/vc_column_inner][vc_column_inner el_class=&#8221;all_around_slider&#8221; width=&#8221;2\/3&#8243;][all_around id=&#8221;1&#8243;][\/all_around][\/vc_column_inner][vc_column_inner width=&#8221;1\/6&#8243;][all_around id=&#8221;1&#8243;]lorem ipsum lorem ipsum lorem ipsum lorem ipsum lorem ipsum lorem ipsum lorem ipsum lorem ipsum lorem ipsum lorem ipsum lorem ipsum lorem ipsum lorem ipsum lorem ipsum lorem ipsum lorem ipsum lorem ipsum lorem ipsum lorem ipsum lorem ipsum lorem ipsum lorem ipsum lorem ipsum lorem ipsum [\/all_around][\/vc_column_inner][\/vc_row_inner][\/vc_column][\/vc_row][vc_row disable_element=&#8221;yes&#8221; css=&#8221;.vc_custom_1756289182421{background-image: url(http:\/\/localhost\/local-theme\/reefberry\/wp-content\/uploads\/2016\/02\/map-1.png?id=1920) !important;background-position: center !important;background-repeat: no-repeat !important;background-size: contain !important;}&#8221; el_class=&#8221;google-map backk&#8221;][vc_column][vc_btn title=&#8221;Worldwide Web&#8221; style=&#8221;flat&#8221; color=&#8221;default&#8221; align=&#8221;center&#8221; css=&#8221;&#8221; el_class=&#8221;section-heading world chn&#8221; link=&#8221;url:%23|title:sads|&#8221;][\/vc_column][\/vc_row][vc_row css=&#8221;.vc_custom_1756289253708{padding-bottom: 100px !important;background-image: url(http:\/\/localhost\/local-theme\/reefberry\/wp-content\/uploads\/2016\/02\/fishytalk.png?id=1753) !important;background-position: 0 0 !important;background-repeat: no-repeat !important;}&#8221; el_class=&#8221;post-grid postbg&#8221;][vc_column][vc_btn title=&#8221;Fishy Talk&#8221; align=&#8221;center&#8221; el_class=&#8221;section-heading talk&#8221; link=&#8221;url:%20http%3A%2F%2Freefberry.com%2Ffishytalk%2F|title:Blog|target:%20_blank|&#8221;][vc_row_inner el_class=&#8221;container&#8221;][vc_column_inner el_class=&#8221;food-menu-container&#8221;]<div class=\"flexslider blog\" ><ul class=\"slides\"><li><div class=\"row clearfix\"><div class=\"blogs  col-xs-12 col-sm-4\" ><img loading=\"lazy\" decoding=\"async\" width=\"1000\" height=\"665\" src=\"https:\/\/reefberry.com\/wp-content\/uploads\/2016\/07\/Reefberry-1010.jpg\" class=\"attachment-full size-full wp-post-image\" alt=\"\" srcset=\"https:\/\/reefberry.com\/wp-content\/uploads\/2016\/07\/Reefberry-1010.jpg 1000w, https:\/\/reefberry.com\/wp-content\/uploads\/2016\/07\/Reefberry-1010-300x200.jpg 300w, https:\/\/reefberry.com\/wp-content\/uploads\/2016\/07\/Reefberry-1010-768x511.jpg 768w\" sizes=\"auto, (max-width: 1000px) 100vw, 1000px\" \/> \n\n\t                <h2>Seafood and Current Dietary Recommendations<\/h2><span class=\"date\">03-set-2025<\/span><p><\/p><a class=\"read-more\" href=\"https:\/\/reefberry.com\/pt-br\/seafood-and-current-dietary-recommendations\/\">Read More<\/a><\/div><div class=\"blogs  col-xs-12 col-sm-4\" ><img loading=\"lazy\" decoding=\"async\" width=\"1000\" height=\"665\" src=\"https:\/\/reefberry.com\/wp-content\/uploads\/2016\/08\/Reefberry-1008.jpg\" class=\"attachment-full size-full wp-post-image\" alt=\"\" srcset=\"https:\/\/reefberry.com\/wp-content\/uploads\/2016\/08\/Reefberry-1008.jpg 1000w, https:\/\/reefberry.com\/wp-content\/uploads\/2016\/08\/Reefberry-1008-300x200.jpg 300w, https:\/\/reefberry.com\/wp-content\/uploads\/2016\/08\/Reefberry-1008-768x511.jpg 768w\" sizes=\"auto, (max-width: 1000px) 100vw, 1000px\" \/> \n\n\t                <h2>Health Benefits of Squids<\/h2><span class=\"date\">03-set-2025<\/span><p><\/p><a class=\"read-more\" href=\"https:\/\/reefberry.com\/pt-br\/health-benefits-of-squids\/\">Read More<\/a><\/div><div class=\"blogs  col-xs-12 col-sm-4\" ><img loading=\"lazy\" decoding=\"async\" width=\"1000\" height=\"665\" src=\"https:\/\/reefberry.com\/wp-content\/uploads\/2016\/08\/reefberry-1007.jpg\" class=\"attachment-full size-full wp-post-image\" alt=\"\" srcset=\"https:\/\/reefberry.com\/wp-content\/uploads\/2016\/08\/reefberry-1007.jpg 1000w, https:\/\/reefberry.com\/wp-content\/uploads\/2016\/08\/reefberry-1007-300x200.jpg 300w, https:\/\/reefberry.com\/wp-content\/uploads\/2016\/08\/reefberry-1007-768x511.jpg 768w\" sizes=\"auto, (max-width: 1000px) 100vw, 1000px\" \/> \n\n\t                <h2>Side Effects of Eating Raw Seafood<\/h2><span class=\"date\">03-set-2025<\/span><p><\/p><a class=\"read-more\" href=\"https:\/\/reefberry.com\/pt-br\/side-effects-of-eating-raw-seafood\/\">Read More<\/a><\/div><\/div><\/li><li><div class=\"row clearfix\"><div class=\"blogs  col-xs-12 col-sm-4\" ><img loading=\"lazy\" decoding=\"async\" width=\"1000\" height=\"665\" src=\"https:\/\/reefberry.com\/wp-content\/uploads\/2016\/08\/reefberry-1005.jpg\" class=\"attachment-full size-full wp-post-image\" alt=\"\" srcset=\"https:\/\/reefberry.com\/wp-content\/uploads\/2016\/08\/reefberry-1005.jpg 1000w, https:\/\/reefberry.com\/wp-content\/uploads\/2016\/08\/reefberry-1005-300x200.jpg 300w, https:\/\/reefberry.com\/wp-content\/uploads\/2016\/08\/reefberry-1005-768x511.jpg 768w\" sizes=\"auto, (max-width: 1000px) 100vw, 1000px\" \/> \n\n\t                <h2>Aphrodisiac Sea Foods<\/h2><span class=\"date\">03-set-2025<\/span><p><\/p><a class=\"read-more\" href=\"https:\/\/reefberry.com\/pt-br\/aphrodisiac-sea-foods\/\">Read More<\/a><\/div><div class=\"blogs  col-xs-12 col-sm-4\" ><img loading=\"lazy\" decoding=\"async\" width=\"1000\" height=\"665\" src=\"https:\/\/reefberry.com\/wp-content\/uploads\/2016\/09\/reefberry-1004.jpg\" class=\"attachment-full size-full wp-post-image\" alt=\"\" srcset=\"https:\/\/reefberry.com\/wp-content\/uploads\/2016\/09\/reefberry-1004.jpg 1000w, https:\/\/reefberry.com\/wp-content\/uploads\/2016\/09\/reefberry-1004-300x200.jpg 300w, https:\/\/reefberry.com\/wp-content\/uploads\/2016\/09\/reefberry-1004-768x511.jpg 768w\" sizes=\"auto, (max-width: 1000px) 100vw, 1000px\" \/> \n\n\t                <h2>The Health Benefits of Calamari<\/h2><span class=\"date\">03-set-2025<\/span><p><\/p><a class=\"read-more\" href=\"https:\/\/reefberry.com\/pt-br\/the-health-benefits-of-calamari\/\">Read More<\/a><\/div><div class=\"blogs  col-xs-12 col-sm-4\" ><img loading=\"lazy\" decoding=\"async\" width=\"640\" height=\"480\" src=\"https:\/\/reefberry.com\/wp-content\/uploads\/2017\/05\/290415-008.jpg\" class=\"attachment-full size-full wp-post-image\" alt=\"\" srcset=\"https:\/\/reefberry.com\/wp-content\/uploads\/2017\/05\/290415-008.jpg 640w, https:\/\/reefberry.com\/wp-content\/uploads\/2017\/05\/290415-008-300x225.jpg 300w\" sizes=\"auto, (max-width: 640px) 100vw, 640px\" \/> \n\n\t                <h2>Beyond Luxury &#8211; any doubts ?<\/h2><span class=\"date\">03-set-2025<\/span><p><\/p><a class=\"read-more\" href=\"https:\/\/reefberry.com\/pt-br\/beyond-luxury-any-doubts\/\">Read More<\/a><\/div><\/div><\/li><li><div class=\"row clearfix\"><div class=\"blogs  col-xs-12 col-sm-4\" ><img loading=\"lazy\" decoding=\"async\" width=\"2550\" height=\"3508\" src=\"https:\/\/reefberry.com\/wp-content\/uploads\/2017\/08\/Deakin.jpg\" class=\"attachment-full size-full wp-post-image\" alt=\"\" srcset=\"https:\/\/reefberry.com\/wp-content\/uploads\/2017\/08\/Deakin.jpg 2550w, https:\/\/reefberry.com\/wp-content\/uploads\/2017\/08\/Deakin-218x300.jpg 218w, https:\/\/reefberry.com\/wp-content\/uploads\/2017\/08\/Deakin-768x1057.jpg 768w, https:\/\/reefberry.com\/wp-content\/uploads\/2017\/08\/Deakin-744x1024.jpg 744w\" sizes=\"auto, (max-width: 2550px) 100vw, 2550px\" \/> \n\n\t                <h2>Fishmart ganha destaque nas notas breves da turma<\/h2><span class=\"date\">03-set-2025<\/span><p><\/p><a class=\"read-more\" href=\"https:\/\/reefberry.com\/pt-br\/fishmart-ganha-destaque-nas-notas-breves-da-turma-do-deakin-times\/\">Read More<\/a><\/div><div class=\"blogs  col-xs-12 col-sm-4\" ><img loading=\"lazy\" decoding=\"async\" width=\"400\" height=\"267\" src=\"https:\/\/reefberry.com\/wp-content\/uploads\/2016\/05\/86807841_XS.jpg\" class=\"attachment-full size-full wp-post-image\" alt=\"\" srcset=\"https:\/\/reefberry.com\/wp-content\/uploads\/2016\/05\/86807841_XS.jpg 400w, https:\/\/reefberry.com\/wp-content\/uploads\/2016\/05\/86807841_XS-300x200.jpg 300w\" sizes=\"auto, (max-width: 400px) 100vw, 400px\" \/> \n\n\t                <h2>Washington Post destaca os \u00f3mega 3 presentes no<\/h2><span class=\"date\">02-set-2025<\/span><p><\/p><a class=\"read-more\" href=\"https:\/\/reefberry.com\/pt-br\/washington-post-destaca-os-omega-3-presentes-no-peixe\/\">Read More<\/a><\/div><div class=\"blogs  col-xs-12 col-sm-4\" ><img loading=\"lazy\" decoding=\"async\" width=\"660\" height=\"440\" src=\"https:\/\/reefberry.com\/wp-content\/uploads\/2017\/08\/shrimp.jpg\" class=\"attachment-full size-full wp-post-image\" alt=\"\" srcset=\"https:\/\/reefberry.com\/wp-content\/uploads\/2017\/08\/shrimp.jpg 660w, https:\/\/reefberry.com\/wp-content\/uploads\/2017\/08\/shrimp-300x200.jpg 300w\" sizes=\"auto, (max-width: 660px) 100vw, 660px\" \/> \n\n\t                <h2>Shrimp Exports: India turns world No 1 in\u00a02016<\/h2><span class=\"date\">26-ago-2017<\/span><p>Lorem Ipsum is simply dummy text of the printing and typesetting industry. Lorem Ipsum has been the industry's standard dummy text ever since the 1500s.<\/p><a class=\"read-more\" href=\"https:\/\/reefberry.com\/pt-br\/shrimp-exports-india-turns-world-no-1-in-2016-financial-express\/\">Read More<\/a><\/div><\/div><\/li><li><div class=\"row clearfix\"><div class=\"blogs  col-xs-12 col-sm-4\" ><img loading=\"lazy\" decoding=\"async\" width=\"650\" height=\"300\" src=\"https:\/\/reefberry.com\/wp-content\/uploads\/2016\/06\/width_650.height_300.mode_FillAreaWithCrop.pos_Default.color_White.jpg\" class=\"attachment-full size-full wp-post-image\" alt=\"\" srcset=\"https:\/\/reefberry.com\/wp-content\/uploads\/2016\/06\/width_650.height_300.mode_FillAreaWithCrop.pos_Default.color_White.jpg 650w, https:\/\/reefberry.com\/wp-content\/uploads\/2016\/06\/width_650.height_300.mode_FillAreaWithCrop.pos_Default.color_White-300x138.jpg 300w\" sizes=\"auto, (max-width: 650px) 100vw, 650px\" \/> \n\n\t                <h2>Health effects of seafood<\/h2><span class=\"date\">27-jun-2016<\/span><p>Seafood is a natural part of a balanced diet. It contains high levels of several important nutrients ( and thus helps us maintain a good nutritional status).<\/p><a class=\"read-more\" href=\"https:\/\/reefberry.com\/pt-br\/health-effects-of-seafood\/\">Read More<\/a><\/div><\/ul><\/div>[\/vc_column_inner][\/vc_row_inner][\/vc_column][\/vc_row]<\/p>\n<\/div>","protected":false},"excerpt":{"rendered":"<p>[vc_row][vc_column][vc_row_inner][vc_column_inner][vc_column_text css=&#8221;&#8221;] [\/vc_column_text][\/vc_column_inner][\/vc_row_inner][\/vc_column][\/vc_row][vc_row][vc_column el_class=&#8221;upper&#8221;][vc_btn title=&#8221;Produtos&#8221; align=&#8221;center&#8221; el_class=&#8221;product-heading&#8221; link=&#8221;url:http%3A%2F%2Freefberry.com%2Fproducts%2F|title:Produtos|target:%20_blank|&#8221;][vc_row_inner el_class=&#8221;container&#8221;][vc_column_inner][vc_column_text css_animation=&#8221;left-to-right&#8221; el_class=&#8221;products-note&#8221;] Oferecemos uma vasta gama de peixes e marisco de qualidade em quantidade e em todas as formas poss\u00edveis que possa desejar. &nbsp; S\u00e3o 100% org\u00e2nicos, capturados em estado selvagem nas \u00e1guas puras do vasto Mar Ar\u00e1bico [\u00c1rea 51 da FAO] e processados imediatamente, sem [&hellip;]<\/p>\n","protected":false},"author":1,"featured_media":0,"parent":0,"menu_order":0,"comment_status":"closed","ping_status":"closed","template":"template-home.php","meta":{"_acf_changed":false,"footnotes":""},"class_list":["post-2248","page","type-page","status-publish","hentry"],"acf":[],"_links":{"self":[{"href":"https:\/\/reefberry.com\/pt-br\/wp-json\/wp\/v2\/pages\/2248","targetHints":{"allow":["GET"]}}],"collection":[{"href":"https:\/\/reefberry.com\/pt-br\/wp-json\/wp\/v2\/pages"}],"about":[{"href":"https:\/\/reefberry.com\/pt-br\/wp-json\/wp\/v2\/types\/page"}],"author":[{"embeddable":true,"href":"https:\/\/reefberry.com\/pt-br\/wp-json\/wp\/v2\/users\/1"}],"replies":[{"embeddable":true,"href":"https:\/\/reefberry.com\/pt-br\/wp-json\/wp\/v2\/comments?post=2248"}],"version-history":[{"count":18,"href":"https:\/\/reefberry.com\/pt-br\/wp-json\/wp\/v2\/pages\/2248\/revisions"}],"predecessor-version":[{"id":3116,"href":"https:\/\/reefberry.com\/pt-br\/wp-json\/wp\/v2\/pages\/2248\/revisions\/3116"}],"wp:attachment":[{"href":"https:\/\/reefberry.com\/pt-br\/wp-json\/wp\/v2\/media?parent=2248"}],"curies":[{"name":"wp","href":"https:\/\/api.w.org\/{rel}","templated":true}]}}