{"id":2149,"date":"2016-02-10T04:34:20","date_gmt":"2016-02-10T04:34:20","guid":{"rendered":"http:\/\/projects.thesparxitsolutions.com\/CSS4955\/pt-br\/reefberry\/"},"modified":"2016-07-13T15:39:14","modified_gmt":"2016-07-13T10:09:14","slug":"reefberry","status":"publish","type":"page","link":"https:\/\/reefberry.com\/pt-br\/reefberry\/","title":{"rendered":"@Reefberry"},"content":{"rendered":"<div class=\"wpb-content-wrapper\"><p>[vc_row el_class=&#8221;about-content-text&#8221;][vc_column][vc_row_inner][vc_column_inner][vc_btn title=&#8221;About the company&#8221; align=&#8221;center&#8221; el_class=&#8221;section-heading abot&#8221;][\/vc_column_inner][\/vc_row_inner][vc_row_inner el_class=&#8221;container &#8221; css=&#8221;.vc_custom_1455876370801{padding-bottom: 115px !important;}&#8221;][vc_column_inner el_class=&#8221;contact-part&#8221; width=&#8221;2\/3&#8243;][vc_column_text]<\/p>\n<p class=\"western\" lang=\"pt-PT\" align=\"JUSTIFY\"><span style=\"font-family: Verdana, sans-serif;\"><span lang=\"en-GB\"><b>A Reefberry Foodex tem por objetivo\u00a0.<\/b><\/span><\/span><\/p>\n<p class=\"western\" lang=\"pt-PT\" align=\"JUSTIFY\"><span style=\"font-family: Verdana, sans-serif;\"><span lang=\"en-GB\">tornar-se na melhor Empresa de Solu\u00e7\u00f5es Globais Alimentares com a inten\u00e7\u00e3o de fornecer Produtos Alimentares de Luxo ao alcance de todos .<\/span><\/span><\/p>\n<p class=\"western\" lang=\"en-GB\" align=\"JUSTIFY\"><span style=\"font-family: Verdana, sans-serif;\">Na Foodex, a nossa paix\u00e3o conduz-nos \u00e0 cria\u00e7\u00e3o do melhor equil\u00edbrio pre\u00e7o\/qualidade para o consumidor final.<\/span><\/p>\n<p class=\"western\" lang=\"en-GB\" align=\"JUSTIFY\"><span style=\"font-family: Verdana, sans-serif;\">Al\u00e9m do mais, a nossa dedica\u00e7\u00e3o ao Mercado de Pesquisa e Desenvolvimento permite-nos superar a competi\u00e7\u00e3o e manter-nos na linha da frente a n\u00edvel da inova\u00e7\u00e3o.<\/span><\/p>\n<p class=\"western\" lang=\"pt-PT\" align=\"JUSTIFY\"><span style=\"font-family: Verdana, sans-serif;\"><span lang=\"en-GB\">Temos clientes em todo o mundo e o seu n\u00famero continua a aumentar. Olhando para os dados de crescimento, pretendemos expandir o n\u00famero de sucursais, de forma faseada, o que nos ajudar\u00e1 a melhor compreender os nossos consumidores, de modo, a proporcionar-lhes uma maior satisfa\u00e7\u00e3o. <\/span><\/span><span style=\"color: #222222;\"><span style=\"font-family: Verdana, sans-serif;\"><span lang=\"en-US\"><br \/>\n<\/span><\/span><\/span><\/p>\n<p class=\"western\" lang=\"pt-PT\" align=\"JUSTIFY\"><span style=\"font-family: Verdana, sans-serif;\"><span lang=\"en-GB\">De modo a facilitar a realiza\u00e7\u00e3o dos neg\u00f3cios seguimos\u00a0<\/span><\/span><span style=\"font-family: Verdana, sans-serif;\"><span lang=\"en-GB\"><b>our philosophy:<\/b><\/span><\/span><span style=\"font-family: Verdana, sans-serif;\"><span lang=\"en-GB\"><i><b> to nurture relationships and growing together .<\/b><\/i><\/span><\/span><\/p>\n<p>[\/vc_column_text][\/vc_column_inner][vc_column_inner width=&#8221;1\/3&#8243;][vc_single_image image=&#8221;2102&#8243; img_size=&#8221;full&#8221;][\/vc_column_inner][\/vc_row_inner][vc_row_inner el_class=&#8221;container&#8221; css=&#8221;.vc_custom_1455876380264{padding-bottom: 115px !important;}&#8221;][vc_column_inner width=&#8221;1\/3&#8243;][vc_single_image image=&#8221;2107&#8243; img_size=&#8221;full&#8221;][\/vc_column_inner][vc_column_inner el_class=&#8221;contact-part&#8221; width=&#8221;2\/3&#8243;][vc_column_text]<\/p>\n<p class=\"western\" lang=\"en-GB\" align=\"JUSTIFY\"><span style=\"font-family: Verdana, sans-serif;\">Na Foodex acreditamos em acompanhar, passo a passo, toda a cadeia produtiva, de modo a que nos destaquemos atrav\u00e9s da nossa qualidade.<\/span><\/p>\n<p class=\"western\" lang=\"en-GB\" align=\"JUSTIFY\"><span style=\"font-family: Verdana, sans-serif;\">A Foodex pauta-se pelos mais elevados padr\u00f5es de conduta comercial: Integridade, \u00c9tica, Honestidade e Sinceridade que s\u00e3o a base da nossa forma de estar.<\/span><\/p>\n<p class=\"western\" lang=\"pt-PT\" align=\"JUSTIFY\"><span style=\"font-family: Verdana, sans-serif;\"><span lang=\"en-GB\">Vale a pena real\u00e7ar que, na Foodex, temos preocupa\u00e7\u00f5es sociais e ambientais. Contribu\u00edmos para a cria\u00e7\u00e3o de postos de trabalho, quer direta, quer indiretamente, focamo-nos na melhor utiliza\u00e7\u00e3o dos recursos naturais e no cuidado com o meio ambiente, os quais continuam a ser a nossa principal prioridade e pr\u00e9-condi\u00e7\u00e3o para o desenvolvimento do nosso neg\u00f3cio.<\/span><\/span><\/p>\n<p class=\"western\" lang=\"en-GB\" align=\"JUSTIFY\"><span style=\"font-family: Verdana, sans-serif;\">\u00a0<\/span><\/p>\n<p class=\"western\" lang=\"pt-PT\" align=\"JUSTIFY\"><span style=\"font-family: Verdana, sans-serif;\"><span lang=\"en-GB\">A nossa vis\u00e3o, miss\u00e3o e objetivo refletem a nossa inten\u00e7\u00e3o:\u00a0<\/span><\/span><i><b>comprometemo-nos a fornecer \u201c Produtos Alimentares de Luxo ao alcance de todos \u201d.<\/b><\/i><\/p>\n<p class=\"western\" lang=\"pt-PT\" align=\"JUSTIFY\"><span style=\"font-family: Verdana, sans-serif;\"><span lang=\"en-GB\">O gr\u00e1fico abaixo apresentado comprova a forma como todos os Parceiros, Fornecedores, Clientes e Consumidores da Foodex t\u00eam crescido em conjunto.<\/span><\/span><\/p>\n<p>[\/vc_column_text][\/vc_column_inner][\/vc_row_inner][\/vc_column][\/vc_row][vc_row el_class=&#8221;neww&#8221;][vc_column][vc_row_inner el_class=&#8221;colr&#8221;][vc_column_inner][vc_btn title=&#8221;Process Control&#8221; style=&#8221;flat&#8221; align=&#8221;center&#8221; el_class=&#8221;section-heading ano cnt&#8221;][\/vc_column_inner][\/vc_row_inner][vc_row_inner el_class=&#8221;container single-image-mobile ttt&#8221;][vc_column_inner width=&#8221;1\/3&#8243;][vc_single_image image=&#8221;1965&#8243; img_size=&#8221;full&#8221;][\/vc_column_inner][vc_column_inner width=&#8221;1\/3&#8243;][vc_single_image image=&#8221;1970&#8243; img_size=&#8221;full&#8221;][\/vc_column_inner][vc_column_inner width=&#8221;1\/3&#8243;][vc_single_image image=&#8221;1975&#8243; img_size=&#8221;full&#8221;][\/vc_column_inner][\/vc_row_inner][vc_row_inner el_class=&#8221;container process-control process-padding&#8221;][vc_column_inner][vc_column_text]<img loading=\"lazy\" decoding=\"async\" class=\"alignnone size-medium wp-image-1791 aligncenter\" src=\"http:\/\/localhost\/local-theme\/reefberry\/wp-content\/uploads\/2016\/02\/te-300x38.png\" alt=\"te\" width=\"300\" height=\"38\" srcset=\"https:\/\/reefberry.com\/wp-content\/uploads\/2016\/02\/te-300x38.png 300w, https:\/\/reefberry.com\/wp-content\/uploads\/2016\/02\/te.png 622w\" sizes=\"auto, (max-width: 300px) 100vw, 300px\" \/>[\/vc_column_text][\/vc_column_inner][\/vc_row_inner][vc_row_inner el_class=&#8221;container single-image-mobile&#8221;][vc_column_inner width=&#8221;1\/3&#8243;][vc_single_image image=&#8221;1980&#8243; img_size=&#8221;full&#8221;][\/vc_column_inner][vc_column_inner width=&#8221;1\/3&#8243;][vc_single_image image=&#8221;1985&#8243; img_size=&#8221;full&#8221;][\/vc_column_inner][vc_column_inner width=&#8221;1\/3&#8243;][vc_single_image image=&#8221;1990&#8243; img_size=&#8221;full&#8221;][\/vc_column_inner][\/vc_row_inner][vc_row_inner][vc_column_inner][\/vc_column_inner][\/vc_row_inner][\/vc_column][\/vc_row][vc_row][vc_column][vc_row_inner][vc_column_inner][vc_btn title=&#8221;Our story&#8221; align=&#8221;center&#8221; el_class=&#8221;section-heading story uno2&#8243;][\/vc_column_inner][\/vc_row_inner][vc_row_inner el_class=&#8221;container history-contents&#8221;][vc_column_inner][vc_column_text][\/vc_column_text][\/vc_column_inner][\/vc_row_inner][\/vc_column][\/vc_row][vc_row][vc_column]<div class=\"container\" ><ul class=\"history-list\" ><li class=\"clearfix\" ><div class=\"full-date\">1990<\/div>\n\n\t\t        \n\n\t\t        <div class=\"full-content\"><h3>Conceptualized<\/h3><p>Foodex Group, an Umbrella with an aim to provide Luxury Food to all classes of Society, Worldwide.<\/p>\n<\/div><\/li><li class=\"clearfix\" ><div class=\"full-date\">1990 to 2000<\/div>\n\n\t\t        \n\n\t\t        <div class=\"full-content\"><h3>Professional Grooming<\/h3><p>Required Professional Experience was attained by founders at top corporates.<\/p>\n<\/div><\/li><li class=\"clearfix\" ><div class=\"full-date\">2001<\/div>\n\n\t\t        \n\n\t\t        <div class=\"full-content\"><h3>Established <\/h3><p>Fishmart &#8211; An International Seafood Marketing Company.<\/p>\n<\/div><\/li><li class=\"clearfix\" ><div class=\"full-date\">2006<\/div>\n\n\t\t        \n\n\t\t        <div class=\"full-content\"><h3>Launched <\/h3><p>Royal Touch- A Creative Service provider for making lives better.<\/p>\n<\/div><\/li><li class=\"clearfix\" ><div class=\"full-date\">2014<\/div>\n\n\t\t        \n\n\t\t        <div class=\"full-content\"><h3>Promoted <\/h3><p>Reefberry Foodex Pvt. Ltd.- A Global Player of Healthy Food for all.<\/p>\n<\/div><\/li><\/ul><\/div >[\/vc_column][\/vc_row]<\/p>\n<\/div>","protected":false},"excerpt":{"rendered":"<p>[vc_row el_class=&#8221;about-content-text&#8221;][vc_column][vc_row_inner][vc_column_inner][vc_btn title=&#8221;About the company&#8221; align=&#8221;center&#8221; el_class=&#8221;section-heading abot&#8221;][\/vc_column_inner][\/vc_row_inner][vc_row_inner el_class=&#8221;container &#8221; css=&#8221;.vc_custom_1455876370801{padding-bottom: 115px !important;}&#8221;][vc_column_inner el_class=&#8221;contact-part&#8221; width=&#8221;2\/3&#8243;][vc_column_text] A Reefberry Foodex tem por objetivo\u00a0. tornar-se na melhor Empresa de Solu\u00e7\u00f5es Globais Alimentares com a inten\u00e7\u00e3o de fornecer Produtos Alimentares de Luxo ao alcance de todos . Na Foodex, a nossa paix\u00e3o conduz-nos \u00e0 cria\u00e7\u00e3o do melhor equil\u00edbrio pre\u00e7o\/qualidade [&hellip;]<\/p>\n","protected":false},"author":1,"featured_media":1766,"parent":0,"menu_order":0,"comment_status":"closed","ping_status":"closed","template":"template-aboutus.php","meta":{"_acf_changed":false,"footnotes":""},"class_list":["post-2149","page","type-page","status-publish","has-post-thumbnail","hentry"],"acf":[],"_links":{"self":[{"href":"https:\/\/reefberry.com\/pt-br\/wp-json\/wp\/v2\/pages\/2149","targetHints":{"allow":["GET"]}}],"collection":[{"href":"https:\/\/reefberry.com\/pt-br\/wp-json\/wp\/v2\/pages"}],"about":[{"href":"https:\/\/reefberry.com\/pt-br\/wp-json\/wp\/v2\/types\/page"}],"author":[{"embeddable":true,"href":"https:\/\/reefberry.com\/pt-br\/wp-json\/wp\/v2\/users\/1"}],"replies":[{"embeddable":true,"href":"https:\/\/reefberry.com\/pt-br\/wp-json\/wp\/v2\/comments?post=2149"}],"version-history":[{"count":2,"href":"https:\/\/reefberry.com\/pt-br\/wp-json\/wp\/v2\/pages\/2149\/revisions"}],"predecessor-version":[{"id":2299,"href":"https:\/\/reefberry.com\/pt-br\/wp-json\/wp\/v2\/pages\/2149\/revisions\/2299"}],"wp:featuredmedia":[{"embeddable":true,"href":"https:\/\/reefberry.com\/pt-br\/wp-json\/wp\/v2\/media\/1766"}],"wp:attachment":[{"href":"https:\/\/reefberry.com\/pt-br\/wp-json\/wp\/v2\/media?parent=2149"}],"curies":[{"name":"wp","href":"https:\/\/api.w.org\/{rel}","templated":true}]}}