{"id":2244,"date":"2016-02-10T04:33:55","date_gmt":"2016-02-10T04:33:55","guid":{"rendered":"http:\/\/projects.thesparxitsolutions.com\/CSS4955\/it\/home\/"},"modified":"2025-09-02T14:48:59","modified_gmt":"2025-09-02T09:18:59","slug":"home","status":"publish","type":"page","link":"https:\/\/reefberry.com\/it\/","title":{"rendered":"Home"},"content":{"rendered":"<div class=\"wpb-content-wrapper\"><p>[vc_row][vc_column][vc_row_inner][vc_column_inner][vc_column_text css=&#8221;&#8221;]<\/p>\n<p><\/p>\n<div style=\"clear: both;\"><\/div>\n<p><\/p>\n\n\t\t<!-- MasterSlider -->\n\t\t<div id=\"P_MS69ecbb13dc943\" class=\"master-slider-parent msl ms-parent-id-1\" style=\"\">\n\n\t\t\t\n\t\t\t<!-- MasterSlider Main -->\n\t\t\t<div id=\"MS69ecbb13dc943\" class=\"master-slider ms-skin-light-6 round-skin\" >\n\t\t\t\t \t\t\t\t \n\t\t\t\t<div  class=\"ms-slide\" data-delay=\"3\" data-fill-mode=\"fill\"  >\n\t\t\t\t\t<img decoding=\"async\" src=\"https:\/\/reefberry.com\/wp-content\/plugins\/master-slider\/public\/assets\/css\/blank.gif\" alt=\"\" title=\"\" data-src=\"https:\/\/reefberry.com\/wp-content\/uploads\/2016\/03\/Lobster.jpg\" \/>\n\n\n\t<div class=\"ms-thumb\" ><div class=\"ms-tab-context\"><div class=\"&quot;ms-tab-context&quot;\"><\/div><\/div>\n<\/div>\n\t\t\t\t<\/div>\n\t\t\t\t<div  class=\"ms-slide\" data-delay=\"3\" data-fill-mode=\"fill\"  >\n\t\t\t\t\t<img decoding=\"async\" src=\"https:\/\/reefberry.com\/wp-content\/plugins\/master-slider\/public\/assets\/css\/blank.gif\" alt=\"\" title=\"\" data-src=\"https:\/\/reefberry.com\/wp-content\/uploads\/2016\/03\/Banner-2.jpg\" \/>\n\n\n\t<div class=\"ms-thumb\" ><div class=\"ms-tab-context\"><div class=\"&quot;ms-tab-context&quot;\"><\/div><\/div>\n<\/div>\n\t\t\t\t<\/div>\n\t\t\t\t<div  class=\"ms-slide\" data-delay=\"3\" data-fill-mode=\"fill\"  >\n\t\t\t\t\t<img decoding=\"async\" src=\"https:\/\/reefberry.com\/wp-content\/plugins\/master-slider\/public\/assets\/css\/blank.gif\" alt=\"\" title=\"\" data-src=\"https:\/\/reefberry.com\/wp-content\/uploads\/2016\/03\/Banner-1.jpg\" \/>\n\n\n\t<div class=\"ms-thumb\" ><div class=\"ms-tab-context\"><div class=\"&quot;ms-tab-context&quot;\"><\/div><\/div>\n<\/div>\n\t\t\t\t<\/div>\n\t\t\t\t<div  class=\"ms-slide\" data-delay=\"3\" data-fill-mode=\"fill\"  >\n\t\t\t\t\t<img decoding=\"async\" src=\"https:\/\/reefberry.com\/wp-content\/plugins\/master-slider\/public\/assets\/css\/blank.gif\" alt=\"\" title=\"\" data-src=\"https:\/\/reefberry.com\/wp-content\/uploads\/2016\/03\/Banner-6.jpg\" \/>\n\n\n\t<div class=\"ms-thumb\" ><div class=\"ms-tab-context\"><div class=\"&quot;ms-tab-context&quot;\"><\/div><\/div>\n<\/div>\n\t\t\t\t<\/div>\n\t\t\t\t<div  class=\"ms-slide\" data-delay=\"3\" data-fill-mode=\"fill\"  >\n\t\t\t\t\t<img decoding=\"async\" src=\"https:\/\/reefberry.com\/wp-content\/plugins\/master-slider\/public\/assets\/css\/blank.gif\" alt=\"\" title=\"\" data-src=\"https:\/\/reefberry.com\/wp-content\/uploads\/2016\/03\/Banner-4-2.jpg\" \/>\n\n\n\t<div class=\"ms-thumb\" ><div class=\"ms-tab-context\"><div class=\"&quot;ms-tab-context&quot;\"><\/div><\/div>\n<\/div>\n\t\t\t\t<\/div>\n\t\t\t\t<div  class=\"ms-slide\" data-delay=\"3\" data-fill-mode=\"fill\"  >\n\t\t\t\t\t<img decoding=\"async\" src=\"https:\/\/reefberry.com\/wp-content\/plugins\/master-slider\/public\/assets\/css\/blank.gif\" alt=\"\" title=\"\" data-src=\"https:\/\/reefberry.com\/wp-content\/uploads\/2016\/03\/Banner-3.jpg\" \/>\n\n\n\t<div class=\"ms-thumb\" ><div class=\"ms-tab-context\"><div class=\"&quot;ms-tab-context&quot;\"><\/div><\/div>\n<\/div>\n\t\t\t\t<\/div>\n\t\t\t\t<div  class=\"ms-slide\" data-delay=\"3\" data-fill-mode=\"fill\"  >\n\t\t\t\t\t<img decoding=\"async\" src=\"https:\/\/reefberry.com\/wp-content\/plugins\/master-slider\/public\/assets\/css\/blank.gif\" alt=\"\" title=\"\" data-src=\"https:\/\/reefberry.com\/wp-content\/uploads\/2016\/03\/Banner-5.jpg\" \/>\n\n\n\t<div class=\"ms-thumb\" ><div class=\"ms-tab-context\"><div class=\"&quot;ms-tab-context&quot;\"><\/div><\/div>\n<\/div>\n\t\t\t\t<\/div>\n\n\t\t\t<\/div>\n\t\t\t<!-- END MasterSlider Main -->\n\n\t\t\t \n\t\t<\/div>\n\t\t<!-- END MasterSlider -->\n\n\t\t<script>\n\t\t(function ( $ ) {\n\t\t\t\"use strict\";\n\n\t\t\t$(function () {\n\t\t\t\tvar masterslider_c943 = new MasterSlider();\n\n\t\t\t\t\/\/ slider controls\n\t\t\t\tmasterslider_c943.control('arrows'     ,{ autohide:false, overVideo:true  });\n\t\t\t\tmasterslider_c943.control('scrollbar'  ,{ autohide:true, overVideo:true, dir:'h', inset:true, align:'top', color:'#404040' , margin:10  , width:4 });\n\t\t\t\t\/\/ slider setup\n\t\t\t\tmasterslider_c943.setup(\"MS69ecbb13dc943\", {\n\t\t\t\t\t\twidth           : 800,\n\t\t\t\t\t\theight          : 480,\n\t\t\t\t\t\tminHeight       : 790,\n\t\t\t\t\t\tspace           : 0,\n\t\t\t\t\t\tstart           : 1,\n\t\t\t\t\t\tgrabCursor      : true,\n\t\t\t\t\t\tswipe           : true,\n\t\t\t\t\t\tmouse           : true,\n\t\t\t\t\t\tlayout          : \"fullwidth\",\n\t\t\t\t\t\twheel           : false,\n\t\t\t\t\t\tautoplay        : true,\n\t\t\t\t\t\tinstantStartLayers:false,\n\t\t\t\t\t\tloop            : false,\n\t\t\t\t\t\tshuffle         : false,\n\t\t\t\t\t\tpreload         : 0,\n\t\t\t\t\t\theightLimit     : true,\n\t\t\t\t\t\tautoHeight      : false,\n\t\t\t\t\t\tsmoothHeight    : true,\n\t\t\t\t\t\tendPause        : false,\n\t\t\t\t\t\toverPause       : true,\n\t\t\t\t\t\tfillMode        : \"fill\",\n\t\t\t\t\t\tcenterControls  : false,\n\t\t\t\t\t\tstartOnAppear   : false,\n\t\t\t\t\t\tlayersMode      : \"center\",\n\t\t\t\t\t\thideLayers      : false,\n\t\t\t\t\t\tfullscreenMargin: 0,\n\t\t\t\t\t\tspeed           : 20,\n\t\t\t\t\t\tdir             : \"h\",\n\t\t\t\t\t\tparallaxMode    : 'swipe',\n\t\t\t\t\t\tview            : \"fade\"\n\t\t\t\t});\n\n\t\t\t\t\n\t\t\t\twindow.masterslider_instances = window.masterslider_instances || [];\n\t\t\t\twindow.masterslider_instances.push( masterslider_c943 );\n\t\t\t });\n\n\t\t})(jQuery);\n\t\t<\/script>\n\n\n<p><\/p>\n<div style=\"clear: both;\"><\/div>\n<p><\/p>\n<p>[\/vc_column_text][\/vc_column_inner][\/vc_row_inner]    \n    <div class=\"row bann\" style=\"background-image: url(https:\/\/reefberry.com\/wp-content\/uploads\/2016\/02\/homebanner-7.png)\">\n        <div class=\"row\">\n            <div class=\"bn container \">\n                <div class=\"col-md-6 upper\">\n                    <h2>@REEFBERRY<\/h2>\n                    <h4 class=\"tb\">VISION<\/h4>\n                    <p class=\"sa\">To contribute best in providing Healthy Luxury Food at affordable price to entire community globally, a must for healthy society.<\/p>\n                    <h4 class=\"sa2\">Mission<\/h4>\n                    <p class=\"end\">Rarely, Passion drives Intention &amp; the Mission and here luck is with us.``At Reefberry, we strive to innovate superior food products &amp; services by devoting our talent in order to improve Health of Society at large, Worldwide.``<\/p>\n                <\/div>\n            <\/div>\n        <\/div>\n    <\/div>\n    \n    [\/vc_column][\/vc_row][vc_row][vc_column el_class=&#8221;upper&#8221;][vc_btn title=&#8221;Prodotti&#8221; align=&#8221;center&#8221; el_class=&#8221;product-heading&#8221; link=&#8221;url:http%3A%2F%2Freefberry.com%2Fproducts%2F|title:Prodotti|target:%20_blank|&#8221;][vc_row_inner el_class=&#8221;container&#8221;][vc_column_inner][vc_column_text css_animation=&#8221;left-to-right&#8221; el_class=&#8221;products-note&#8221;]<\/p>\n<p><\/p>\n<p>Offriamo un&#8217;ampia gamma di pesce e crostacei di qualit\u00e0 in quantit\u00e0 e in tutte le forme possibili che potete desiderare.<\/p>\n<p><\/p>\n<p>&nbsp;<\/p>\n<p><\/p>\n<p>\u00c8 100% biologico, pescato in natura nelle acque pure del vasto Mar Arabico [Area FAO 51] e lavorato immediatamente senza perdite di tempo.<\/p>\n<p><\/p>\n<p>[\/vc_column_text][\/vc_column_inner][\/vc_row_inner][\/vc_column][vc_column][\/vc_column][\/vc_row][vc_row][vc_column][vc_row_inner][vc_column_inner el_class=&#8221;products-section-img&#8221; width=&#8221;2\/3&#8243;][vc_single_image image=&#8221;687&#8243; img_size=&#8221;full&#8221; css_animation=&#8221;left-to-right&#8221;][\/vc_column_inner][vc_column_inner el_class=&#8221;container shellfish-butn&#8221; width=&#8221;1\/3&#8243; css=&#8221;.vc_custom_1468245869424{margin-top: 60px !important;margin-bottom: 0px !important;}&#8221;][vc_btn title=&#8221;Crostacei&#8221; style=&#8221;flat&#8221; align=&#8221;left&#8221; css_animation=&#8221;right-to-left&#8221; css=&#8221;.vc_custom_1503995463586{margin-top: 200px !important;}&#8221; el_class=&#8221;product-name&#8221; link=&#8221;url:http%3A%2F%2Freefberry.com%2Fproducts%23shell-fish|title:Prodotti|&#8221;][\/vc_column_inner][\/vc_row_inner][\/vc_column][\/vc_row][vc_row full_width=&#8221;stretch_row_content&#8221; el_class=&#8221;demo-product-border&#8221;][vc_column][vc_row_inner][vc_column_inner el_class=&#8221;fin-fish-butn&#8221; width=&#8221;1\/4&#8243; css=&#8221;.vc_custom_1468246282854{margin-top: 200px !important;}&#8221;][vc_btn title=&#8221;Pesci&#8221; style=&#8221;flat&#8221; align=&#8221;right&#8221; css_animation=&#8221;left-to-right&#8221; el_class=&#8221;product-name sda&#8221; link=&#8221;url:http%3A%2F%2Freefberry.com%2Fproducts%23fin-fish|title:Prodotti|&#8221;][\/vc_column_inner][vc_column_inner el_class=&#8221;fish-image&#8221; width=&#8221;3\/4&#8243; css=&#8221;.vc_custom_1468246155081{margin-right: -15px !important;}&#8221;][vc_single_image image=&#8221;690&#8243; img_size=&#8221;full&#8221; alignment=&#8221;right&#8221; css_animation=&#8221;right-to-left&#8221;][\/vc_column_inner][\/vc_row_inner][\/vc_column][\/vc_row][vc_row el_class=&#8221;team&#8221;][vc_column][vc_btn title=&#8221;Team&#8221; style=&#8221;flat&#8221; align=&#8221;center&#8221; el_class=&#8221;section-heading teamm&#8221;][vc_row_inner el_class=&#8221;container team-slider&#8221;][vc_column_inner]<div class=\"flexslider founder\" ><\/div>[\/vc_column_inner][\/vc_row_inner][\/vc_column][\/vc_row][vc_row el_class=&#8221;border&#8221; css=&#8221;.vc_custom_1455695908473{padding-bottom: 80px !important;}&#8221;][vc_column][vc_row_inner][vc_column_inner][vc_btn title=&#8221;I clienti parlano&#8221; style=&#8221;classic&#8221; align=&#8221;center&#8221; css=&#8221;&#8221; el_class=&#8221;section-heading extra2 client-speak&#8221;][\/vc_column_inner][\/vc_row_inner][vc_row_inner css=&#8221;.vc_custom_1467789566238{padding-top: 72px !important;padding-bottom: 0px !important;background-image: url(http:\/\/localhost\/local-theme\/reefberry\/wp-content\/uploads\/2016\/02\/air-1.png?id=2062) !important;background-position: 0 0 !important;background-repeat: no-repeat !important;}&#8221; el_class=&#8221;slider-bg-img&#8221;][vc_column_inner width=&#8221;1\/6&#8243;][\/vc_column_inner][vc_column_inner el_class=&#8221;all_around_slider&#8221; width=&#8221;2\/3&#8243;][all_around id=&#8221;1&#8243;][\/all_around][\/vc_column_inner][vc_column_inner width=&#8221;1\/6&#8243;][all_around id=&#8221;1&#8243;]lorem ipsum lorem ipsum lorem ipsum lorem ipsum lorem ipsum lorem ipsum lorem ipsum lorem ipsum lorem ipsum lorem ipsum lorem ipsum lorem ipsum lorem ipsum lorem ipsum lorem ipsum lorem ipsum lorem ipsum lorem ipsum lorem ipsum lorem ipsum lorem ipsum lorem ipsum lorem ipsum lorem ipsum [\/all_around][\/vc_column_inner][\/vc_row_inner][\/vc_column][\/vc_row][vc_row disable_element=&#8221;yes&#8221; css=&#8221;.vc_custom_1756289182421{background-image: url(http:\/\/localhost\/local-theme\/reefberry\/wp-content\/uploads\/2016\/02\/map-1.png?id=1920) !important;background-position: center !important;background-repeat: no-repeat !important;background-size: contain !important;}&#8221; el_class=&#8221;google-map backk&#8221;][vc_column][vc_btn title=&#8221;Worldwide Web&#8221; style=&#8221;flat&#8221; color=&#8221;default&#8221; align=&#8221;center&#8221; css=&#8221;&#8221; el_class=&#8221;section-heading world chn&#8221; link=&#8221;url:%23|title:sads|&#8221;][\/vc_column][\/vc_row][vc_row css=&#8221;.vc_custom_1756289253708{padding-bottom: 100px !important;background-image: url(http:\/\/localhost\/local-theme\/reefberry\/wp-content\/uploads\/2016\/02\/fishytalk.png?id=1753) !important;background-position: 0 0 !important;background-repeat: no-repeat !important;}&#8221; el_class=&#8221;post-grid postbg&#8221;][vc_column][vc_btn title=&#8221;FishyTalk&#8221; align=&#8221;center&#8221; el_class=&#8221;section-heading talk&#8221; link=&#8221;url:%20http%3A%2F%2Freefberry.com%2Ffishytalk%2F|title:Blog|target:%20_blank|&#8221;][vc_row_inner el_class=&#8221;container&#8221;][vc_column_inner el_class=&#8221;food-menu-container&#8221;]<div class=\"flexslider blog\" ><ul class=\"slides\"><li><div class=\"row clearfix\"><div class=\"blogs  col-xs-12 col-sm-4\" ><img loading=\"lazy\" decoding=\"async\" width=\"1000\" height=\"665\" src=\"https:\/\/reefberry.com\/wp-content\/uploads\/2016\/07\/Reefberry-1010.jpg\" class=\"attachment-full size-full wp-post-image\" alt=\"\" srcset=\"https:\/\/reefberry.com\/wp-content\/uploads\/2016\/07\/Reefberry-1010.jpg 1000w, https:\/\/reefberry.com\/wp-content\/uploads\/2016\/07\/Reefberry-1010-300x200.jpg 300w, https:\/\/reefberry.com\/wp-content\/uploads\/2016\/07\/Reefberry-1010-768x511.jpg 768w\" sizes=\"auto, (max-width: 1000px) 100vw, 1000px\" \/> \n\n\t                <h2>Seafood and Current Dietary Recommendations<\/h2><span class=\"date\">03-Set-2025<\/span><p><\/p><a class=\"read-more\" href=\"https:\/\/reefberry.com\/it\/seafood-and-current-dietary-recommendations\/\">Read More<\/a><\/div><div class=\"blogs  col-xs-12 col-sm-4\" ><img loading=\"lazy\" decoding=\"async\" width=\"1000\" height=\"665\" src=\"https:\/\/reefberry.com\/wp-content\/uploads\/2016\/08\/Reefberry-1008.jpg\" class=\"attachment-full size-full wp-post-image\" alt=\"\" srcset=\"https:\/\/reefberry.com\/wp-content\/uploads\/2016\/08\/Reefberry-1008.jpg 1000w, https:\/\/reefberry.com\/wp-content\/uploads\/2016\/08\/Reefberry-1008-300x200.jpg 300w, https:\/\/reefberry.com\/wp-content\/uploads\/2016\/08\/Reefberry-1008-768x511.jpg 768w\" sizes=\"auto, (max-width: 1000px) 100vw, 1000px\" \/> \n\n\t                <h2>Health Benefits of Squids<\/h2><span class=\"date\">03-Set-2025<\/span><p><\/p><a class=\"read-more\" href=\"https:\/\/reefberry.com\/it\/health-benefits-of-squids\/\">Read More<\/a><\/div><div class=\"blogs  col-xs-12 col-sm-4\" ><img loading=\"lazy\" decoding=\"async\" width=\"1000\" height=\"665\" src=\"https:\/\/reefberry.com\/wp-content\/uploads\/2016\/08\/reefberry-1007.jpg\" class=\"attachment-full size-full wp-post-image\" alt=\"\" srcset=\"https:\/\/reefberry.com\/wp-content\/uploads\/2016\/08\/reefberry-1007.jpg 1000w, https:\/\/reefberry.com\/wp-content\/uploads\/2016\/08\/reefberry-1007-300x200.jpg 300w, https:\/\/reefberry.com\/wp-content\/uploads\/2016\/08\/reefberry-1007-768x511.jpg 768w\" sizes=\"auto, (max-width: 1000px) 100vw, 1000px\" \/> \n\n\t                <h2>Side Effects of Eating Raw Seafood<\/h2><span class=\"date\">03-Set-2025<\/span><p><\/p><a class=\"read-more\" href=\"https:\/\/reefberry.com\/it\/side-effects-of-eating-raw-seafood\/\">Read More<\/a><\/div><\/div><\/li><li><div class=\"row clearfix\"><div class=\"blogs  col-xs-12 col-sm-4\" ><img loading=\"lazy\" decoding=\"async\" width=\"1000\" height=\"665\" src=\"https:\/\/reefberry.com\/wp-content\/uploads\/2016\/08\/reefberry-1005.jpg\" class=\"attachment-full size-full wp-post-image\" alt=\"\" srcset=\"https:\/\/reefberry.com\/wp-content\/uploads\/2016\/08\/reefberry-1005.jpg 1000w, https:\/\/reefberry.com\/wp-content\/uploads\/2016\/08\/reefberry-1005-300x200.jpg 300w, https:\/\/reefberry.com\/wp-content\/uploads\/2016\/08\/reefberry-1005-768x511.jpg 768w\" sizes=\"auto, (max-width: 1000px) 100vw, 1000px\" \/> \n\n\t                <h2>Aphrodisiac Sea Foods<\/h2><span class=\"date\">03-Set-2025<\/span><p><\/p><a class=\"read-more\" href=\"https:\/\/reefberry.com\/it\/aphrodisiac-sea-foods\/\">Read More<\/a><\/div><div class=\"blogs  col-xs-12 col-sm-4\" ><img loading=\"lazy\" decoding=\"async\" width=\"1000\" height=\"665\" src=\"https:\/\/reefberry.com\/wp-content\/uploads\/2016\/09\/reefberry-1004.jpg\" class=\"attachment-full size-full wp-post-image\" alt=\"\" srcset=\"https:\/\/reefberry.com\/wp-content\/uploads\/2016\/09\/reefberry-1004.jpg 1000w, https:\/\/reefberry.com\/wp-content\/uploads\/2016\/09\/reefberry-1004-300x200.jpg 300w, https:\/\/reefberry.com\/wp-content\/uploads\/2016\/09\/reefberry-1004-768x511.jpg 768w\" sizes=\"auto, (max-width: 1000px) 100vw, 1000px\" \/> \n\n\t                <h2>The Health Benefits of Calamari<\/h2><span class=\"date\">03-Set-2025<\/span><p><\/p><a class=\"read-more\" href=\"https:\/\/reefberry.com\/it\/the-health-benefits-of-calamari\/\">Read More<\/a><\/div><div class=\"blogs  col-xs-12 col-sm-4\" ><img loading=\"lazy\" decoding=\"async\" width=\"640\" height=\"480\" src=\"https:\/\/reefberry.com\/wp-content\/uploads\/2017\/05\/290415-008.jpg\" class=\"attachment-full size-full wp-post-image\" alt=\"\" srcset=\"https:\/\/reefberry.com\/wp-content\/uploads\/2017\/05\/290415-008.jpg 640w, https:\/\/reefberry.com\/wp-content\/uploads\/2017\/05\/290415-008-300x225.jpg 300w\" sizes=\"auto, (max-width: 640px) 100vw, 640px\" \/> \n\n\t                <h2>Beyond Luxury &#8211; any doubts ?<\/h2><span class=\"date\">03-Set-2025<\/span><p><\/p><a class=\"read-more\" href=\"https:\/\/reefberry.com\/it\/beyond-luxury-any-doubts\/\">Read More<\/a><\/div><\/div><\/li><li><div class=\"row clearfix\"><div class=\"blogs  col-xs-12 col-sm-4\" ><img loading=\"lazy\" decoding=\"async\" width=\"2550\" height=\"3508\" src=\"https:\/\/reefberry.com\/wp-content\/uploads\/2017\/08\/Deakin.jpg\" class=\"attachment-full size-full wp-post-image\" alt=\"\" srcset=\"https:\/\/reefberry.com\/wp-content\/uploads\/2017\/08\/Deakin.jpg 2550w, https:\/\/reefberry.com\/wp-content\/uploads\/2017\/08\/Deakin-218x300.jpg 218w, https:\/\/reefberry.com\/wp-content\/uploads\/2017\/08\/Deakin-768x1057.jpg 768w, https:\/\/reefberry.com\/wp-content\/uploads\/2017\/08\/Deakin-744x1024.jpg 744w\" sizes=\"auto, (max-width: 2550px) 100vw, 2550px\" \/> \n\n\t                <h2>Fishmart ottiene un posto nelle brevi note di<\/h2><span class=\"date\">03-Set-2025<\/span><p><\/p><a class=\"read-more\" href=\"https:\/\/reefberry.com\/it\/fishmart-ottiene-un-posto-nelle-brevi-note-di-classe-del-deakin-times\/\">Read More<\/a><\/div><div class=\"blogs  col-xs-12 col-sm-4\" ><img loading=\"lazy\" decoding=\"async\" width=\"400\" height=\"267\" src=\"https:\/\/reefberry.com\/wp-content\/uploads\/2016\/05\/86807841_XS.jpg\" class=\"attachment-full size-full wp-post-image\" alt=\"\" srcset=\"https:\/\/reefberry.com\/wp-content\/uploads\/2016\/05\/86807841_XS.jpg 400w, https:\/\/reefberry.com\/wp-content\/uploads\/2016\/05\/86807841_XS-300x200.jpg 300w\" sizes=\"auto, (max-width: 400px) 100vw, 400px\" \/> \n\n\t                <h2>Il Washington Post mette in evidenza gli omega-3<\/h2><span class=\"date\">02-Set-2025<\/span><p><\/p><a class=\"read-more\" href=\"https:\/\/reefberry.com\/it\/il-washington-post-mette-in-evidenza-gli-omega-3-presenti-nel-pesce\/\">Read More<\/a><\/div><div class=\"blogs  col-xs-12 col-sm-4\" ><img loading=\"lazy\" decoding=\"async\" width=\"660\" height=\"440\" src=\"https:\/\/reefberry.com\/wp-content\/uploads\/2017\/08\/shrimp.jpg\" class=\"attachment-full size-full wp-post-image\" alt=\"\" srcset=\"https:\/\/reefberry.com\/wp-content\/uploads\/2017\/08\/shrimp.jpg 660w, https:\/\/reefberry.com\/wp-content\/uploads\/2017\/08\/shrimp-300x200.jpg 300w\" sizes=\"auto, (max-width: 660px) 100vw, 660px\" \/> \n\n\t                <h2>Shrimp Exports: India turns world No 1 in\u00a02016<\/h2><span class=\"date\">26-Ago-2017<\/span><p>Lorem Ipsum is simply dummy text of the printing and typesetting industry. Lorem Ipsum has been the industry's standard dummy text ever since the 1500s.<\/p><a class=\"read-more\" href=\"https:\/\/reefberry.com\/it\/shrimp-exports-india-turns-world-no-1-in-2016-financial-express\/\">Read More<\/a><\/div><\/div><\/li><li><div class=\"row clearfix\"><div class=\"blogs  col-xs-12 col-sm-4\" ><img loading=\"lazy\" decoding=\"async\" width=\"650\" height=\"300\" src=\"https:\/\/reefberry.com\/wp-content\/uploads\/2016\/06\/width_650.height_300.mode_FillAreaWithCrop.pos_Default.color_White.jpg\" class=\"attachment-full size-full wp-post-image\" alt=\"\" srcset=\"https:\/\/reefberry.com\/wp-content\/uploads\/2016\/06\/width_650.height_300.mode_FillAreaWithCrop.pos_Default.color_White.jpg 650w, https:\/\/reefberry.com\/wp-content\/uploads\/2016\/06\/width_650.height_300.mode_FillAreaWithCrop.pos_Default.color_White-300x138.jpg 300w\" sizes=\"auto, (max-width: 650px) 100vw, 650px\" \/> \n\n\t                <h2>Health effects of seafood<\/h2><span class=\"date\">27-Giu-2016<\/span><p>Seafood is a natural part of a balanced diet. It contains high levels of several important nutrients ( and thus helps us maintain a good nutritional status).<\/p><a class=\"read-more\" href=\"https:\/\/reefberry.com\/it\/health-effects-of-seafood\/\">Read More<\/a><\/div><\/ul><\/div>[\/vc_column_inner][\/vc_row_inner][\/vc_column][\/vc_row]<\/p>\n<\/div>","protected":false},"excerpt":{"rendered":"<p>[vc_row][vc_column][vc_row_inner][vc_column_inner][vc_column_text css=&#8221;&#8221;] [\/vc_column_text][\/vc_column_inner][\/vc_row_inner][\/vc_column][\/vc_row][vc_row][vc_column el_class=&#8221;upper&#8221;][vc_btn title=&#8221;Prodotti&#8221; align=&#8221;center&#8221; el_class=&#8221;product-heading&#8221; link=&#8221;url:http%3A%2F%2Freefberry.com%2Fproducts%2F|title:Prodotti|target:%20_blank|&#8221;][vc_row_inner el_class=&#8221;container&#8221;][vc_column_inner][vc_column_text css_animation=&#8221;left-to-right&#8221; el_class=&#8221;products-note&#8221;] Offriamo un&#8217;ampia gamma di pesce e crostacei di qualit\u00e0 in quantit\u00e0 e in tutte le forme possibili che potete desiderare. &nbsp; \u00c8 100% biologico, pescato in natura nelle acque pure del vasto Mar Arabico [Area FAO 51] e lavorato immediatamente senza perdite di tempo. [&hellip;]<\/p>\n","protected":false},"author":1,"featured_media":0,"parent":0,"menu_order":0,"comment_status":"closed","ping_status":"closed","template":"template-home.php","meta":{"_acf_changed":false,"footnotes":""},"class_list":["post-2244","page","type-page","status-publish","hentry"],"acf":[],"_links":{"self":[{"href":"https:\/\/reefberry.com\/it\/wp-json\/wp\/v2\/pages\/2244","targetHints":{"allow":["GET"]}}],"collection":[{"href":"https:\/\/reefberry.com\/it\/wp-json\/wp\/v2\/pages"}],"about":[{"href":"https:\/\/reefberry.com\/it\/wp-json\/wp\/v2\/types\/page"}],"author":[{"embeddable":true,"href":"https:\/\/reefberry.com\/it\/wp-json\/wp\/v2\/users\/1"}],"replies":[{"embeddable":true,"href":"https:\/\/reefberry.com\/it\/wp-json\/wp\/v2\/comments?post=2244"}],"version-history":[{"count":23,"href":"https:\/\/reefberry.com\/it\/wp-json\/wp\/v2\/pages\/2244\/revisions"}],"predecessor-version":[{"id":3107,"href":"https:\/\/reefberry.com\/it\/wp-json\/wp\/v2\/pages\/2244\/revisions\/3107"}],"wp:attachment":[{"href":"https:\/\/reefberry.com\/it\/wp-json\/wp\/v2\/media?parent=2244"}],"curies":[{"name":"wp","href":"https:\/\/api.w.org\/{rel}","templated":true}]}}