{"id":2277,"date":"2016-02-10T04:34:20","date_gmt":"2016-02-10T04:34:20","guid":{"rendered":"http:\/\/projects.thesparxitsolutions.com\/CSS4955\/fr\/reefberry\/"},"modified":"2016-07-13T15:49:33","modified_gmt":"2016-07-13T10:19:33","slug":"reefberry","status":"publish","type":"page","link":"https:\/\/reefberry.com\/fr\/reefberry\/","title":{"rendered":"@Reefberry"},"content":{"rendered":"<div class=\"wpb-content-wrapper\"><p>[vc_row el_class=\u00a0\u00bbabout-content-text\u00a0\u00bb][vc_column][vc_row_inner][vc_column_inner][vc_btn title=\u00a0\u00bbAbout the company\u00a0\u00bb align=\u00a0\u00bbcenter\u00a0\u00bb el_class=\u00a0\u00bbsection-heading abot\u00a0\u00bb][\/vc_column_inner][\/vc_row_inner][vc_row_inner el_class=\u00a0\u00bbcontainer \u00a0\u00bb css=\u00a0\u00bb.vc_custom_1455876370801{padding-bottom: 115px !important;}\u00a0\u00bb][vc_column_inner el_class=\u00a0\u00bbcontact-part\u00a0\u00bb width=\u00a0\u00bb2\/3&Prime;][vc_column_text]<\/p>\n<p class=\"western\" lang=\"pt-PT\" align=\"JUSTIFY\"><span style=\"font-family: Verdana, sans-serif;\"><span lang=\"en-GB\"><span lang=\"fr-FR\"><b>Reefberry Foodex a comme son objectif\u00a0<\/b><\/span><\/span><\/span><\/p>\n<p class=\"western\" lang=\"pt-PT\" align=\"JUSTIFY\"><span style=\"font-family: Verdana, sans-serif;\"><span lang=\"en-GB\"><span lang=\"fr-FR\"> devenir la meilleure Entreprise de Solutions Globales Alimentaires ayant l\u2019intension de fournir des Produits Alimentaires de Luxe pour tous .<\/span><\/span><\/span><\/p>\n<p class=\"western\" lang=\"en-GB\" align=\"JUSTIFY\"><span style=\"font-family: Verdana, sans-serif;\">\u00c0 la Foodex la notre passion nous conduit a la cr\u00e9ation de le mieux \u00e9quilibre co\u00fbt\/ qualit\u00e9 pour le consommateur final.<\/span><\/p>\n<p class=\"western\" lang=\"en-GB\" align=\"JUSTIFY\"><span style=\"font-family: Verdana, sans-serif;\">En outre, notre d\u00e9dicace \u00e0 March\u00e9 de Perquise et D\u00e9veloppement nous permit de surpasser la comp\u00e9tition et nous maintenir \u00e0 l\u2019avant en ce qui concerne l\u2019innovation. <\/span><\/p>\n<p class=\"western\" lang=\"pt-PT\" align=\"JUSTIFY\"><span lang=\"fr-FR\">Nous avons des clients par tout et son nombre continu \u00e0 augmenter. En consid\u00e9rant les donn\u00e9s de croissance, nous avons l\u2019intention d\u2019augmenter, progressivement le num\u00e9ro de succursales. Ce nous aidera \u00e0 mieux comprendre nos consommateurs et les offre la plus grande satisfaction<\/span><span lang=\"fr-FR\">.<\/span><\/p>\n<p class=\"western\" lang=\"pt-PT\" align=\"JUSTIFY\"><span style=\"color: #222222;\"><span style=\"font-family: Verdana, sans-serif;\"><span lang=\"en-US\">\u00a0<\/span><\/span><\/span><\/p>\n<p class=\"western\" lang=\"pt-PT\" align=\"JUSTIFY\"><span style=\"font-family: Verdana, sans-serif;\"><span lang=\"en-GB\"><span lang=\"fr-FR\">De fa\u00e7on a facilit\u00e9 la r\u00e9alisation de les n\u00e9goces nous poursuit<\/span><\/span><\/span><span style=\"font-family: Verdana, sans-serif;\"><span lang=\"en-GB\"><span lang=\"fr-FR\"><i><b>notre philosophie\u00a0 de baser les relations avec nous consommateurs et augmenter notre croissance <\/b><\/i><\/span><span lang=\"fr-FR\">. <\/span><\/span><\/span><\/p>\n<p>[\/vc_column_text][\/vc_column_inner][vc_column_inner width=\u00a0\u00bb1\/3&Prime;][vc_single_image image=\u00a0\u00bb2102&Prime; img_size=\u00a0\u00bbfull\u00a0\u00bb][\/vc_column_inner][\/vc_row_inner][vc_row_inner el_class=\u00a0\u00bbcontainer\u00a0\u00bb css=\u00a0\u00bb.vc_custom_1455876380264{padding-bottom: 115px !important;}\u00a0\u00bb][vc_column_inner width=\u00a0\u00bb1\/3&Prime;][vc_single_image image=\u00a0\u00bb2107&Prime; img_size=\u00a0\u00bbfull\u00a0\u00bb][\/vc_column_inner][vc_column_inner el_class=\u00a0\u00bbcontact-part\u00a0\u00bb width=\u00a0\u00bb2\/3&Prime;][vc_column_text]<\/p>\n<p class=\"western\" lang=\"en-GB\" align=\"JUSTIFY\"><span style=\"font-family: Verdana, sans-serif;\">Dans Foodex nous croyons en accompagner, pas \u00e0 pas, toute la chaine de production de fa\u00e7on a nous d\u00e9tacher pour notre qualit\u00e9.<\/span><\/p>\n<p class=\"western\" lang=\"en-GB\" align=\"JUSTIFY\"><span style=\"font-family: Verdana, sans-serif;\">Foodex se r\u00e8gle par les plus \u00e9lev\u00e9s standards de conduite commerciale\u00a0: Int\u00e9grit\u00e9, \u00c9tique, Honn\u00eatet\u00e9 et Sinc\u00e9rit\u00e9 qui son la base de notre fa\u00e7on d\u2019\u00eatre.<\/span><\/p>\n<p class=\"western\" lang=\"pt-PT\" align=\"JUSTIFY\"><span style=\"font-family: Verdana, sans-serif;\"><span lang=\"en-GB\">Il convient faire noter que, en Foodex, nous avons des pr\u00e9occupations sociales et ambiantales. Nous contribuons par la cr\u00e9ation d\u2019emploi, direct ou indirectement, nous nous concentrons dans la meilleure utilisation des recours naturels et dans la pr\u00e9servation de l\u2019environnent qui sont la notre principale priorit\u00e9 et pr\u00e9-condition pour le d\u00e9veloppement de notre n\u00e9goce. <\/span><\/span><\/p>\n<p class=\"western\" lang=\"en-GB\" align=\"JUSTIFY\"><span style=\"font-family: Verdana, sans-serif;\">\u00a0<\/span><\/p>\n<p class=\"western\" lang=\"pt-PT\" align=\"JUSTIFY\"><span style=\"font-family: Verdana, sans-serif;\"><span lang=\"en-GB\"><span lang=\"fr-FR\">Notre vision, mission et objectif refl\u00e8tent notre intention\u00a0:<\/span> <\/span><\/span><span lang=\"fr-FR\"><i><b>nous nous engageons \u00e0 fournir des \u201c Produits Alimentaires de Luxe pour tous \u201d.<\/b><\/i><\/span><\/p>\n<p class=\"western\" lang=\"pt-PT\" align=\"JUSTIFY\"><span style=\"font-family: Verdana, sans-serif;\"><span lang=\"en-GB\">Le graphique, ci \u2013 dessous pr\u00e9sent\u00e9, est preuve de la fa\u00e7on comme tous les Partenaires Commerciales, Fournisseurs, Clients et Consommateurs de Foodex ont grandit ensemble.<\/span><\/span><\/p>\n<p>[\/vc_column_text][\/vc_column_inner][\/vc_row_inner][\/vc_column][\/vc_row][vc_row el_class=\u00a0\u00bbneww\u00a0\u00bb][vc_column][vc_row_inner el_class=\u00a0\u00bbcolr\u00a0\u00bb][vc_column_inner][vc_btn title=\u00a0\u00bbProcess Control\u00a0\u00bb style=\u00a0\u00bbflat\u00a0\u00bb align=\u00a0\u00bbcenter\u00a0\u00bb el_class=\u00a0\u00bbsection-heading ano cnt\u00a0\u00bb][\/vc_column_inner][\/vc_row_inner][vc_row_inner el_class=\u00a0\u00bbcontainer single-image-mobile ttt\u00a0\u00bb][vc_column_inner width=\u00a0\u00bb1\/3&Prime;][vc_single_image image=\u00a0\u00bb1965&Prime; img_size=\u00a0\u00bbfull\u00a0\u00bb][\/vc_column_inner][vc_column_inner width=\u00a0\u00bb1\/3&Prime;][vc_single_image image=\u00a0\u00bb1970&Prime; img_size=\u00a0\u00bbfull\u00a0\u00bb][\/vc_column_inner][vc_column_inner width=\u00a0\u00bb1\/3&Prime;][vc_single_image image=\u00a0\u00bb1975&Prime; img_size=\u00a0\u00bbfull\u00a0\u00bb][\/vc_column_inner][\/vc_row_inner][vc_row_inner el_class=\u00a0\u00bbcontainer process-control process-padding\u00a0\u00bb][vc_column_inner][vc_column_text]<img loading=\"lazy\" decoding=\"async\" class=\"alignnone size-medium wp-image-1791 aligncenter\" src=\"http:\/\/localhost\/local-theme\/reefberry\/wp-content\/uploads\/2016\/02\/te-300x38.png\" alt=\"te\" width=\"300\" height=\"38\" srcset=\"https:\/\/reefberry.com\/wp-content\/uploads\/2016\/02\/te-300x38.png 300w, https:\/\/reefberry.com\/wp-content\/uploads\/2016\/02\/te.png 622w\" sizes=\"auto, (max-width: 300px) 100vw, 300px\" \/>[\/vc_column_text][\/vc_column_inner][\/vc_row_inner][vc_row_inner el_class=\u00a0\u00bbcontainer single-image-mobile\u00a0\u00bb][vc_column_inner width=\u00a0\u00bb1\/3&Prime;][vc_single_image image=\u00a0\u00bb1980&Prime; img_size=\u00a0\u00bbfull\u00a0\u00bb][\/vc_column_inner][vc_column_inner width=\u00a0\u00bb1\/3&Prime;][vc_single_image image=\u00a0\u00bb1985&Prime; img_size=\u00a0\u00bbfull\u00a0\u00bb][\/vc_column_inner][vc_column_inner width=\u00a0\u00bb1\/3&Prime;][vc_single_image image=\u00a0\u00bb1990&Prime; img_size=\u00a0\u00bbfull\u00a0\u00bb][\/vc_column_inner][\/vc_row_inner][vc_row_inner][vc_column_inner][\/vc_column_inner][\/vc_row_inner][\/vc_column][\/vc_row][vc_row][vc_column][vc_row_inner][vc_column_inner][vc_btn title=\u00a0\u00bbOur story\u00a0\u00bb align=\u00a0\u00bbcenter\u00a0\u00bb el_class=\u00a0\u00bbsection-heading story uno2&Prime;][\/vc_column_inner][\/vc_row_inner][vc_row_inner el_class=\u00a0\u00bbcontainer history-contents\u00a0\u00bb][vc_column_inner][vc_column_text][\/vc_column_text][\/vc_column_inner][\/vc_row_inner][\/vc_column][\/vc_row][vc_row][vc_column]<div class=\"container\" ><ul class=\"history-list\" ><li class=\"clearfix\" ><div class=\"full-date\">1990<\/div>\n\n\t\t        \n\n\t\t        <div class=\"full-content\"><h3>Conceptualized<\/h3><p>Foodex Group, an Umbrella with an aim to provide Luxury Food to all classes of Society, Worldwide.<\/p>\n<\/div><\/li><li class=\"clearfix\" ><div class=\"full-date\">1990 to 2000<\/div>\n\n\t\t        \n\n\t\t        <div class=\"full-content\"><h3>Professional Grooming<\/h3><p>Required Professional Experience was attained by founders at top corporates.<\/p>\n<\/div><\/li><li class=\"clearfix\" ><div class=\"full-date\">2001<\/div>\n\n\t\t        \n\n\t\t        <div class=\"full-content\"><h3>Established <\/h3><p>Fishmart &#8211; An International Seafood Marketing Company.<\/p>\n<\/div><\/li><li class=\"clearfix\" ><div class=\"full-date\">2006<\/div>\n\n\t\t        \n\n\t\t        <div class=\"full-content\"><h3>Launched <\/h3><p>Royal Touch- A Creative Service provider for making lives better.<\/p>\n<\/div><\/li><li class=\"clearfix\" ><div class=\"full-date\">2014<\/div>\n\n\t\t        \n\n\t\t        <div class=\"full-content\"><h3>Promoted <\/h3><p>Reefberry Foodex Pvt. Ltd.- A Global Player of Healthy Food for all.<\/p>\n<\/div><\/li><\/ul><\/div >[\/vc_column][\/vc_row]<\/p>\n<\/div>","protected":false},"excerpt":{"rendered":"<p>[vc_row el_class=\u00a0\u00bbabout-content-text\u00a0\u00bb][vc_column][vc_row_inner][vc_column_inner][vc_btn title=\u00a0\u00bbAbout the company\u00a0\u00bb align=\u00a0\u00bbcenter\u00a0\u00bb el_class=\u00a0\u00bbsection-heading abot\u00a0\u00bb][\/vc_column_inner][\/vc_row_inner][vc_row_inner el_class=\u00a0\u00bbcontainer \u00a0\u00bb css=\u00a0\u00bb.vc_custom_1455876370801{padding-bottom: 115px !important;}\u00a0\u00bb][vc_column_inner el_class=\u00a0\u00bbcontact-part\u00a0\u00bb width=\u00a0\u00bb2\/3&Prime;][vc_column_text] Reefberry Foodex a comme son objectif\u00a0 devenir la meilleure Entreprise de Solutions Globales Alimentaires ayant l\u2019intension de fournir des Produits Alimentaires de Luxe pour tous . \u00c0 la Foodex la notre passion nous conduit a la cr\u00e9ation de le mieux [&hellip;]<\/p>\n","protected":false},"author":1,"featured_media":1763,"parent":0,"menu_order":0,"comment_status":"closed","ping_status":"closed","template":"template-aboutus.php","meta":{"_acf_changed":false,"footnotes":""},"class_list":["post-2277","page","type-page","status-publish","has-post-thumbnail","hentry"],"acf":[],"_links":{"self":[{"href":"https:\/\/reefberry.com\/fr\/wp-json\/wp\/v2\/pages\/2277","targetHints":{"allow":["GET"]}}],"collection":[{"href":"https:\/\/reefberry.com\/fr\/wp-json\/wp\/v2\/pages"}],"about":[{"href":"https:\/\/reefberry.com\/fr\/wp-json\/wp\/v2\/types\/page"}],"author":[{"embeddable":true,"href":"https:\/\/reefberry.com\/fr\/wp-json\/wp\/v2\/users\/1"}],"replies":[{"embeddable":true,"href":"https:\/\/reefberry.com\/fr\/wp-json\/wp\/v2\/comments?post=2277"}],"version-history":[{"count":3,"href":"https:\/\/reefberry.com\/fr\/wp-json\/wp\/v2\/pages\/2277\/revisions"}],"predecessor-version":[{"id":2302,"href":"https:\/\/reefberry.com\/fr\/wp-json\/wp\/v2\/pages\/2277\/revisions\/2302"}],"wp:featuredmedia":[{"embeddable":true,"href":"https:\/\/reefberry.com\/fr\/wp-json\/wp\/v2\/media\/1763"}],"wp:attachment":[{"href":"https:\/\/reefberry.com\/fr\/wp-json\/wp\/v2\/media?parent=2277"}],"curies":[{"name":"wp","href":"https:\/\/api.w.org\/{rel}","templated":true}]}}