{"id":2246,"date":"2016-02-10T04:33:55","date_gmt":"2016-02-10T04:33:55","guid":{"rendered":"http:\/\/projects.thesparxitsolutions.com\/CSS4955\/es\/home\/"},"modified":"2025-09-02T14:53:20","modified_gmt":"2025-09-02T09:23:20","slug":"home","status":"publish","type":"page","link":"https:\/\/reefberry.com\/es\/","title":{"rendered":"Home"},"content":{"rendered":"<div class=\"wpb-content-wrapper\"><p>[vc_row][vc_column][vc_row_inner][vc_column_inner][vc_column_text css=\u00bb\u00bb]<\/p>\n<div style=\"clear: both;\"><\/div>\n\n\t\t<!-- MasterSlider -->\n\t\t<div id=\"P_MS69ecd54dd8ce4\" class=\"master-slider-parent msl ms-parent-id-1\" style=\"\">\n\n\t\t\t\n\t\t\t<!-- MasterSlider Main -->\n\t\t\t<div id=\"MS69ecd54dd8ce4\" class=\"master-slider ms-skin-light-6 round-skin\" >\n\t\t\t\t \t\t\t\t \n\t\t\t\t<div  class=\"ms-slide\" data-delay=\"3\" data-fill-mode=\"fill\"  >\n\t\t\t\t\t<img decoding=\"async\" src=\"https:\/\/reefberry.com\/wp-content\/plugins\/master-slider\/public\/assets\/css\/blank.gif\" alt=\"\" title=\"\" data-src=\"https:\/\/reefberry.com\/wp-content\/uploads\/2016\/03\/Lobster.jpg\" \/>\n\n\n\t<div class=\"ms-thumb\" ><div class=\"ms-tab-context\"><div class=\"&quot;ms-tab-context&quot;\"><\/div><\/div>\n<\/div>\n\t\t\t\t<\/div>\n\t\t\t\t<div  class=\"ms-slide\" data-delay=\"3\" data-fill-mode=\"fill\"  >\n\t\t\t\t\t<img decoding=\"async\" src=\"https:\/\/reefberry.com\/wp-content\/plugins\/master-slider\/public\/assets\/css\/blank.gif\" alt=\"\" title=\"\" data-src=\"https:\/\/reefberry.com\/wp-content\/uploads\/2016\/03\/Banner-2.jpg\" \/>\n\n\n\t<div class=\"ms-thumb\" ><div class=\"ms-tab-context\"><div class=\"&quot;ms-tab-context&quot;\"><\/div><\/div>\n<\/div>\n\t\t\t\t<\/div>\n\t\t\t\t<div  class=\"ms-slide\" data-delay=\"3\" data-fill-mode=\"fill\"  >\n\t\t\t\t\t<img decoding=\"async\" src=\"https:\/\/reefberry.com\/wp-content\/plugins\/master-slider\/public\/assets\/css\/blank.gif\" alt=\"\" title=\"\" data-src=\"https:\/\/reefberry.com\/wp-content\/uploads\/2016\/03\/Banner-1.jpg\" \/>\n\n\n\t<div class=\"ms-thumb\" ><div class=\"ms-tab-context\"><div class=\"&quot;ms-tab-context&quot;\"><\/div><\/div>\n<\/div>\n\t\t\t\t<\/div>\n\t\t\t\t<div  class=\"ms-slide\" data-delay=\"3\" data-fill-mode=\"fill\"  >\n\t\t\t\t\t<img decoding=\"async\" src=\"https:\/\/reefberry.com\/wp-content\/plugins\/master-slider\/public\/assets\/css\/blank.gif\" alt=\"\" title=\"\" data-src=\"https:\/\/reefberry.com\/wp-content\/uploads\/2016\/03\/Banner-6.jpg\" \/>\n\n\n\t<div class=\"ms-thumb\" ><div class=\"ms-tab-context\"><div class=\"&quot;ms-tab-context&quot;\"><\/div><\/div>\n<\/div>\n\t\t\t\t<\/div>\n\t\t\t\t<div  class=\"ms-slide\" data-delay=\"3\" data-fill-mode=\"fill\"  >\n\t\t\t\t\t<img decoding=\"async\" src=\"https:\/\/reefberry.com\/wp-content\/plugins\/master-slider\/public\/assets\/css\/blank.gif\" alt=\"\" title=\"\" data-src=\"https:\/\/reefberry.com\/wp-content\/uploads\/2016\/03\/Banner-4-2.jpg\" \/>\n\n\n\t<div class=\"ms-thumb\" ><div class=\"ms-tab-context\"><div class=\"&quot;ms-tab-context&quot;\"><\/div><\/div>\n<\/div>\n\t\t\t\t<\/div>\n\t\t\t\t<div  class=\"ms-slide\" data-delay=\"3\" data-fill-mode=\"fill\"  >\n\t\t\t\t\t<img decoding=\"async\" src=\"https:\/\/reefberry.com\/wp-content\/plugins\/master-slider\/public\/assets\/css\/blank.gif\" alt=\"\" title=\"\" data-src=\"https:\/\/reefberry.com\/wp-content\/uploads\/2016\/03\/Banner-3.jpg\" \/>\n\n\n\t<div class=\"ms-thumb\" ><div class=\"ms-tab-context\"><div class=\"&quot;ms-tab-context&quot;\"><\/div><\/div>\n<\/div>\n\t\t\t\t<\/div>\n\t\t\t\t<div  class=\"ms-slide\" data-delay=\"3\" data-fill-mode=\"fill\"  >\n\t\t\t\t\t<img decoding=\"async\" src=\"https:\/\/reefberry.com\/wp-content\/plugins\/master-slider\/public\/assets\/css\/blank.gif\" alt=\"\" title=\"\" data-src=\"https:\/\/reefberry.com\/wp-content\/uploads\/2016\/03\/Banner-5.jpg\" \/>\n\n\n\t<div class=\"ms-thumb\" ><div class=\"ms-tab-context\"><div class=\"&quot;ms-tab-context&quot;\"><\/div><\/div>\n<\/div>\n\t\t\t\t<\/div>\n\n\t\t\t<\/div>\n\t\t\t<!-- END MasterSlider Main -->\n\n\t\t\t \n\t\t<\/div>\n\t\t<!-- END MasterSlider -->\n\n\t\t<script>\n\t\t(function ( $ ) {\n\t\t\t\"use strict\";\n\n\t\t\t$(function () {\n\t\t\t\tvar masterslider_8ce4 = new MasterSlider();\n\n\t\t\t\t\/\/ slider controls\n\t\t\t\tmasterslider_8ce4.control('arrows'     ,{ autohide:false, overVideo:true  });\n\t\t\t\tmasterslider_8ce4.control('scrollbar'  ,{ autohide:true, overVideo:true, dir:'h', inset:true, align:'top', color:'#404040' , margin:10  , width:4 });\n\t\t\t\t\/\/ slider setup\n\t\t\t\tmasterslider_8ce4.setup(\"MS69ecd54dd8ce4\", {\n\t\t\t\t\t\twidth           : 800,\n\t\t\t\t\t\theight          : 480,\n\t\t\t\t\t\tminHeight       : 790,\n\t\t\t\t\t\tspace           : 0,\n\t\t\t\t\t\tstart           : 1,\n\t\t\t\t\t\tgrabCursor      : true,\n\t\t\t\t\t\tswipe           : true,\n\t\t\t\t\t\tmouse           : true,\n\t\t\t\t\t\tlayout          : \"fullwidth\",\n\t\t\t\t\t\twheel           : false,\n\t\t\t\t\t\tautoplay        : true,\n\t\t\t\t\t\tinstantStartLayers:false,\n\t\t\t\t\t\tloop            : false,\n\t\t\t\t\t\tshuffle         : false,\n\t\t\t\t\t\tpreload         : 0,\n\t\t\t\t\t\theightLimit     : true,\n\t\t\t\t\t\tautoHeight      : false,\n\t\t\t\t\t\tsmoothHeight    : true,\n\t\t\t\t\t\tendPause        : false,\n\t\t\t\t\t\toverPause       : true,\n\t\t\t\t\t\tfillMode        : \"fill\",\n\t\t\t\t\t\tcenterControls  : false,\n\t\t\t\t\t\tstartOnAppear   : false,\n\t\t\t\t\t\tlayersMode      : \"center\",\n\t\t\t\t\t\thideLayers      : false,\n\t\t\t\t\t\tfullscreenMargin: 0,\n\t\t\t\t\t\tspeed           : 20,\n\t\t\t\t\t\tdir             : \"h\",\n\t\t\t\t\t\tparallaxMode    : 'swipe',\n\t\t\t\t\t\tview            : \"fade\"\n\t\t\t\t});\n\n\t\t\t\t\n\t\t\t\twindow.masterslider_instances = window.masterslider_instances || [];\n\t\t\t\twindow.masterslider_instances.push( masterslider_8ce4 );\n\t\t\t });\n\n\t\t})(jQuery);\n\t\t<\/script>\n\n\n<div style=\"clear: both;\"><\/div>\n<p>[\/vc_column_text][\/vc_column_inner][\/vc_row_inner]    \n    <div class=\"row bann\" style=\"background-image: url(https:\/\/reefberry.com\/wp-content\/uploads\/2016\/02\/homebanner-7.png)\">\n        <div class=\"row\">\n            <div class=\"bn container \">\n                <div class=\"col-md-6 upper\">\n                    <h2>@REEFBERRY<\/h2>\n                    <h4 class=\"tb\">VISI\u00d3N<\/h4>\n                    <p class=\"sa\">Contribuir de la mejor manera posible a proporcionar alimentos saludables y de lujo a un precio asequible a toda la comunidad a nivel mundial, algo imprescindible para una sociedad saludable.<\/p>\n                    <h4 class=\"sa2\">Misi\u00f3n<\/h4>\n                    <p class=\"end\">En raras ocasiones, la pasi\u00f3n impulsa la intenci\u00f3n y la misi\u00f3n, y aqu\u00ed la suerte est\u00e1 de nuestro lado. En Reefberry, nos esforzamos por innovar en productos y servicios alimentarios de calidad superior, dedicando nuestro talento a mejorar la salud de la sociedad en general, en todo el mundo.<\/p>\n                <\/div>\n            <\/div>\n        <\/div>\n    <\/div>\n    \n    [\/vc_column][\/vc_row][vc_row][vc_column el_class=\u00bbupper\u00bb][vc_btn title=\u00bbProductos\u00bb align=\u00bbcenter\u00bb el_class=\u00bbproduct-heading\u00bb link=\u00bburl:http%3A%2F%2Freefberry.com%2Fproducts%2F|title:Productos|target:%20_blank|\u00bb][vc_row_inner el_class=\u00bbcontainer\u00bb][vc_column_inner][vc_column_text css_animation=\u00bbleft-to-right\u00bb el_class=\u00bbproducts-note\u00bb]<\/p>\n<p>Ofrecemos una amplia gama de pescado y marisco de calidad en grandes cantidades y en todas las formas posibles que pueda desear.<\/p>\n<p>&nbsp;<\/p>\n<p>Es 100 % org\u00e1nico, capturado en estado salvaje en las aguas puras del vasto mar Ar\u00e1bigo [\u00c1rea 51 de la FAO] y procesado inmediatamente sin p\u00e9rdida de tiempo.<\/p>\n<p>[\/vc_column_text][\/vc_column_inner][\/vc_row_inner][\/vc_column][vc_column][\/vc_column][\/vc_row][vc_row][vc_column][vc_row_inner][vc_column_inner el_class=\u00bbproducts-section-img\u00bb width=\u00bb2\/3&#8243;][vc_single_image image=\u00bb688&#8243; img_size=\u00bbfull\u00bb css_animation=\u00bbleft-to-right\u00bb][\/vc_column_inner][vc_column_inner el_class=\u00bbcontainer shellfish-butn\u00bb width=\u00bb1\/3&#8243; css=\u00bb.vc_custom_1468245869424{margin-top: 60px !important;margin-bottom: 0px !important;}\u00bb][vc_btn title=\u00bbMarisco\u00bb style=\u00bbflat\u00bb align=\u00bbleft\u00bb css_animation=\u00bbright-to-left\u00bb css=\u00bb.vc_custom_1503995463586{margin-top: 200px !important;}\u00bb el_class=\u00bbproduct-name\u00bb link=\u00bburl:http%3A%2F%2Freefberry.com%2Fproducts%23shell-fish|title:Productos|\u00bb][\/vc_column_inner][\/vc_row_inner][\/vc_column][\/vc_row][vc_row full_width=\u00bbstretch_row_content\u00bb el_class=\u00bbdemo-product-border\u00bb][vc_column][vc_row_inner][vc_column_inner el_class=\u00bbfin-fish-butn\u00bb width=\u00bb1\/4&#8243; css=\u00bb.vc_custom_1468246282854{margin-top: 200px !important;}\u00bb][vc_btn title=\u00bbPescado\u00bb style=\u00bbflat\u00bb align=\u00bbright\u00bb css_animation=\u00bbleft-to-right\u00bb el_class=\u00bbproduct-name sda\u00bb link=\u00bburl:http%3A%2F%2Freefberry.com%2Fproducts%23fin-fish|title:Productos|\u00bb][\/vc_column_inner][vc_column_inner el_class=\u00bbfish-image\u00bb width=\u00bb3\/4&#8243; css=\u00bb.vc_custom_1468246155081{margin-right: -15px !important;}\u00bb][vc_single_image image=\u00bb691&#8243; img_size=\u00bbfull\u00bb alignment=\u00bbright\u00bb css_animation=\u00bbright-to-left\u00bb][\/vc_column_inner][\/vc_row_inner][\/vc_column][\/vc_row][vc_row el_class=\u00bbteam\u00bb][vc_column][vc_btn title=\u00bbEquipo\u00bb style=\u00bbflat\u00bb align=\u00bbcenter\u00bb el_class=\u00bbsection-heading teamm\u00bb][vc_row_inner el_class=\u00bbcontainer team-slider\u00bb][vc_column_inner]<div class=\"flexslider founder\" ><ul class=\"slides \"><li><div class=\"row\"><div class=\"items  col-xs-12 col-sm-3\" ><div  class=\"popup\" title=\"1309\"><img loading=\"lazy\" decoding=\"async\" width=\"300\" height=\"291\" src=\"https:\/\/reefberry.com\/wp-content\/uploads\/2016\/03\/Anand-Shukla-300x291.jpg\" class=\"attachment-medium size-medium wp-post-image\" alt=\"\" srcset=\"https:\/\/reefberry.com\/wp-content\/uploads\/2016\/03\/Anand-Shukla-300x291.jpg 300w, https:\/\/reefberry.com\/wp-content\/uploads\/2016\/03\/Anand-Shukla-768x744.jpg 768w, https:\/\/reefberry.com\/wp-content\/uploads\/2016\/03\/Anand-Shukla.jpg 938w\" sizes=\"auto, (max-width: 300px) 100vw, 300px\" \/>\n\n\t                <\/div><h2>Anand Shukla<\/h2><p>Director e Fundador<\/p><\/div><div class=\"items  col-xs-12 col-sm-3\" ><div  class=\"popup\" title=\"1310\"><img loading=\"lazy\" decoding=\"async\" width=\"300\" height=\"265\" src=\"https:\/\/reefberry.com\/wp-content\/uploads\/2016\/03\/shefely-300x265.jpg\" class=\"attachment-medium size-medium wp-post-image\" alt=\"\" srcset=\"https:\/\/reefberry.com\/wp-content\/uploads\/2016\/03\/shefely-300x265.jpg 300w, https:\/\/reefberry.com\/wp-content\/uploads\/2016\/03\/shefely.jpg 590w\" sizes=\"auto, (max-width: 300px) 100vw, 300px\" \/>\n\n\t                <\/div><h2>Shefaly Anand<\/h2><p>Directora<\/p><\/div><div class=\"items  col-xs-12 col-sm-3\" ><div  class=\"popup\" title=\"1311\"><img loading=\"lazy\" decoding=\"async\" width=\"222\" height=\"300\" src=\"https:\/\/reefberry.com\/wp-content\/uploads\/2016\/03\/image-Copy-222x300.jpg\" class=\"attachment-medium size-medium wp-post-image\" alt=\"\" srcset=\"https:\/\/reefberry.com\/wp-content\/uploads\/2016\/03\/image-Copy-222x300.jpg 222w, https:\/\/reefberry.com\/wp-content\/uploads\/2016\/03\/image-Copy.jpg 361w\" sizes=\"auto, (max-width: 222px) 100vw, 222px\" \/>\n\n\t                <\/div><h2>Subhash  Srivastav<\/h2><p>Administrador de Desenvolvimiento Neg\u00f3ciale <\/p><\/div><div class=\"items  col-xs-12 col-sm-3\" ><div  class=\"popup\" title=\"1312\"><img loading=\"lazy\" decoding=\"async\" width=\"300\" height=\"278\" src=\"https:\/\/reefberry.com\/wp-content\/uploads\/2016\/03\/Prakash-Vanik-300x278.jpg\" class=\"attachment-medium size-medium wp-post-image\" alt=\"\" srcset=\"https:\/\/reefberry.com\/wp-content\/uploads\/2016\/03\/Prakash-Vanik-300x278.jpg 300w, https:\/\/reefberry.com\/wp-content\/uploads\/2016\/03\/Prakash-Vanik-768x712.jpg 768w, https:\/\/reefberry.com\/wp-content\/uploads\/2016\/03\/Prakash-Vanik-1024x949.jpg 1024w, https:\/\/reefberry.com\/wp-content\/uploads\/2016\/03\/Prakash-Vanik.jpg 1210w\" sizes=\"auto, (max-width: 300px) 100vw, 300px\" \/>\n\n\t                <\/div><h2>Prakash  Vanik<\/h2><p>Administrador del Proceso de Controlo<\/p><\/div><\/div><\/li><li><div class=\"row\"><div class=\"items  col-xs-12 col-sm-3\" ><div  class=\"popup\" title=\"1313\"><img loading=\"lazy\" decoding=\"async\" width=\"300\" height=\"228\" src=\"https:\/\/reefberry.com\/wp-content\/uploads\/2016\/03\/chetan-300x228.jpg\" class=\"attachment-medium size-medium wp-post-image\" alt=\"\" srcset=\"https:\/\/reefberry.com\/wp-content\/uploads\/2016\/03\/chetan-300x228.jpg 300w, https:\/\/reefberry.com\/wp-content\/uploads\/2016\/03\/chetan.jpg 599w\" sizes=\"auto, (max-width: 300px) 100vw, 300px\" \/>\n\n\t                <\/div><h2>Chetan  Fofandi<\/h2><p>Executivo do Ramo de Transportes<\/p><\/div><div class=\"items  col-xs-12 col-sm-3\" ><div  class=\"popup\" title=\"1314\"><img loading=\"lazy\" decoding=\"async\" width=\"300\" height=\"218\" src=\"https:\/\/reefberry.com\/wp-content\/uploads\/2016\/03\/yunish-300x218.jpg\" class=\"attachment-medium size-medium wp-post-image\" alt=\"\" srcset=\"https:\/\/reefberry.com\/wp-content\/uploads\/2016\/03\/yunish-300x218.jpg 300w, https:\/\/reefberry.com\/wp-content\/uploads\/2016\/03\/yunish.jpg 609w\" sizes=\"auto, (max-width: 300px) 100vw, 300px\" \/>\n\n\t                <\/div><h2>Yunus  Sarkar<\/h2><p>Executivo do Proceso de Controlo<\/p><\/div><\/ul><\/div>[\/vc_column_inner][\/vc_row_inner][\/vc_column][\/vc_row][vc_row el_class=\u00bbborder\u00bb css=\u00bb.vc_custom_1455695908473{padding-bottom: 80px !important;}\u00bb][vc_column][vc_row_inner][vc_column_inner][vc_btn title=\u00bbOpiniones de clientes\u00bb style=\u00bbclassic\u00bb align=\u00bbcenter\u00bb css=\u00bb\u00bb el_class=\u00bbsection-heading extra2 client-speak\u00bb][\/vc_column_inner][\/vc_row_inner][vc_row_inner css=\u00bb.vc_custom_1467789566238{padding-top: 72px !important;padding-bottom: 0px !important;background-image: url(http:\/\/localhost\/local-theme\/reefberry\/wp-content\/uploads\/2016\/02\/air-1.png?id=2062) !important;background-position: 0 0 !important;background-repeat: no-repeat !important;}\u00bb el_class=\u00bbslider-bg-img\u00bb][vc_column_inner width=\u00bb1\/6&#8243;][\/vc_column_inner][vc_column_inner el_class=\u00bball_around_slider\u00bb width=\u00bb2\/3&#8243;][all_around id=\u00bb1&#8243;][\/all_around][\/vc_column_inner][vc_column_inner width=\u00bb1\/6&#8243;][all_around id=\u00bb1&#8243;]lorem ipsum lorem ipsum lorem ipsum lorem ipsum lorem ipsum lorem ipsum lorem ipsum lorem ipsum lorem ipsum lorem ipsum lorem ipsum lorem ipsum lorem ipsum lorem ipsum lorem ipsum lorem ipsum lorem ipsum lorem ipsum lorem ipsum lorem ipsum lorem ipsum lorem ipsum lorem ipsum lorem ipsum [\/all_around][\/vc_column_inner][\/vc_row_inner][\/vc_column][\/vc_row][vc_row disable_element=\u00bbyes\u00bb css=\u00bb.vc_custom_1756289182421{background-image: url(http:\/\/localhost\/local-theme\/reefberry\/wp-content\/uploads\/2016\/02\/map-1.png?id=1920) !important;background-position: center !important;background-repeat: no-repeat !important;background-size: contain !important;}\u00bb el_class=\u00bbgoogle-map backk\u00bb][vc_column][vc_btn title=\u00bbInternet\u00bb style=\u00bbflat\u00bb color=\u00bbdefault\u00bb align=\u00bbcenter\u00bb css=\u00bb\u00bb el_class=\u00bbsection-heading world chn\u00bb link=\u00bburl:%23|title:sads|\u00bb][\/vc_column][\/vc_row][vc_row css=\u00bb.vc_custom_1756289253708{padding-bottom: 100px !important;background-image: url(http:\/\/localhost\/local-theme\/reefberry\/wp-content\/uploads\/2016\/02\/fishytalk.png?id=1753) !important;background-position: 0 0 !important;background-repeat: no-repeat !important;}\u00bb el_class=\u00bbpost-grid postbg\u00bb][vc_column][vc_btn title=\u00bbFishyTalk\u00bb align=\u00bbcenter\u00bb el_class=\u00bbsection-heading talk\u00bb link=\u00bburl:%20http%3A%2F%2Freefberry.com%2Ffishytalk%2F|title:Blog|target:%20_blank|\u00bb][vc_row_inner el_class=\u00bbcontainer\u00bb][vc_column_inner el_class=\u00bbfood-menu-container\u00bb]<div class=\"flexslider blog\" ><ul class=\"slides\"><li><div class=\"row clearfix\"><div class=\"blogs  col-xs-12 col-sm-4\" ><img loading=\"lazy\" decoding=\"async\" width=\"1000\" height=\"665\" src=\"https:\/\/reefberry.com\/wp-content\/uploads\/2016\/07\/Reefberry-1010.jpg\" class=\"attachment-full size-full wp-post-image\" alt=\"\" srcset=\"https:\/\/reefberry.com\/wp-content\/uploads\/2016\/07\/Reefberry-1010.jpg 1000w, https:\/\/reefberry.com\/wp-content\/uploads\/2016\/07\/Reefberry-1010-300x200.jpg 300w, https:\/\/reefberry.com\/wp-content\/uploads\/2016\/07\/Reefberry-1010-768x511.jpg 768w\" sizes=\"auto, (max-width: 1000px) 100vw, 1000px\" \/> \n\n\t                <h2>Seafood and Current Dietary Recommendations<\/h2><span class=\"date\">03-Sep-2025<\/span><p><\/p><a class=\"read-more\" href=\"https:\/\/reefberry.com\/es\/seafood-and-current-dietary-recommendations\/\">Read More<\/a><\/div><div class=\"blogs  col-xs-12 col-sm-4\" ><img loading=\"lazy\" decoding=\"async\" width=\"1000\" height=\"665\" src=\"https:\/\/reefberry.com\/wp-content\/uploads\/2016\/08\/Reefberry-1008.jpg\" class=\"attachment-full size-full wp-post-image\" alt=\"\" srcset=\"https:\/\/reefberry.com\/wp-content\/uploads\/2016\/08\/Reefberry-1008.jpg 1000w, https:\/\/reefberry.com\/wp-content\/uploads\/2016\/08\/Reefberry-1008-300x200.jpg 300w, https:\/\/reefberry.com\/wp-content\/uploads\/2016\/08\/Reefberry-1008-768x511.jpg 768w\" sizes=\"auto, (max-width: 1000px) 100vw, 1000px\" \/> \n\n\t                <h2>Health Benefits of Squids<\/h2><span class=\"date\">03-Sep-2025<\/span><p><\/p><a class=\"read-more\" href=\"https:\/\/reefberry.com\/es\/health-benefits-of-squids\/\">Read More<\/a><\/div><div class=\"blogs  col-xs-12 col-sm-4\" ><img loading=\"lazy\" decoding=\"async\" width=\"1000\" height=\"665\" src=\"https:\/\/reefberry.com\/wp-content\/uploads\/2016\/08\/reefberry-1007.jpg\" class=\"attachment-full size-full wp-post-image\" alt=\"\" srcset=\"https:\/\/reefberry.com\/wp-content\/uploads\/2016\/08\/reefberry-1007.jpg 1000w, https:\/\/reefberry.com\/wp-content\/uploads\/2016\/08\/reefberry-1007-300x200.jpg 300w, https:\/\/reefberry.com\/wp-content\/uploads\/2016\/08\/reefberry-1007-768x511.jpg 768w\" sizes=\"auto, (max-width: 1000px) 100vw, 1000px\" \/> \n\n\t                <h2>Side Effects of Eating Raw Seafood<\/h2><span class=\"date\">03-Sep-2025<\/span><p><\/p><a class=\"read-more\" href=\"https:\/\/reefberry.com\/es\/side-effects-of-eating-raw-seafood\/\">Read More<\/a><\/div><\/div><\/li><li><div class=\"row clearfix\"><div class=\"blogs  col-xs-12 col-sm-4\" ><img loading=\"lazy\" decoding=\"async\" width=\"1000\" height=\"665\" src=\"https:\/\/reefberry.com\/wp-content\/uploads\/2016\/08\/reefberry-1005.jpg\" class=\"attachment-full size-full wp-post-image\" alt=\"\" srcset=\"https:\/\/reefberry.com\/wp-content\/uploads\/2016\/08\/reefberry-1005.jpg 1000w, https:\/\/reefberry.com\/wp-content\/uploads\/2016\/08\/reefberry-1005-300x200.jpg 300w, https:\/\/reefberry.com\/wp-content\/uploads\/2016\/08\/reefberry-1005-768x511.jpg 768w\" sizes=\"auto, (max-width: 1000px) 100vw, 1000px\" \/> \n\n\t                <h2>Aphrodisiac Sea Foods<\/h2><span class=\"date\">03-Sep-2025<\/span><p><\/p><a class=\"read-more\" href=\"https:\/\/reefberry.com\/es\/aphrodisiac-sea-foods\/\">Read More<\/a><\/div><div class=\"blogs  col-xs-12 col-sm-4\" ><img loading=\"lazy\" decoding=\"async\" width=\"1000\" height=\"665\" src=\"https:\/\/reefberry.com\/wp-content\/uploads\/2016\/09\/reefberry-1004.jpg\" class=\"attachment-full size-full wp-post-image\" alt=\"\" srcset=\"https:\/\/reefberry.com\/wp-content\/uploads\/2016\/09\/reefberry-1004.jpg 1000w, https:\/\/reefberry.com\/wp-content\/uploads\/2016\/09\/reefberry-1004-300x200.jpg 300w, https:\/\/reefberry.com\/wp-content\/uploads\/2016\/09\/reefberry-1004-768x511.jpg 768w\" sizes=\"auto, (max-width: 1000px) 100vw, 1000px\" \/> \n\n\t                <h2>The Health Benefits of Calamari<\/h2><span class=\"date\">03-Sep-2025<\/span><p><\/p><a class=\"read-more\" href=\"https:\/\/reefberry.com\/es\/the-health-benefits-of-calamari\/\">Read More<\/a><\/div><div class=\"blogs  col-xs-12 col-sm-4\" ><img loading=\"lazy\" decoding=\"async\" width=\"640\" height=\"480\" src=\"https:\/\/reefberry.com\/wp-content\/uploads\/2017\/05\/290415-008.jpg\" class=\"attachment-full size-full wp-post-image\" alt=\"\" srcset=\"https:\/\/reefberry.com\/wp-content\/uploads\/2017\/05\/290415-008.jpg 640w, https:\/\/reefberry.com\/wp-content\/uploads\/2017\/05\/290415-008-300x225.jpg 300w\" sizes=\"auto, (max-width: 640px) 100vw, 640px\" \/> \n\n\t                <h2>Beyond Luxury &#8211; any doubts ?<\/h2><span class=\"date\">03-Sep-2025<\/span><p><\/p><a class=\"read-more\" href=\"https:\/\/reefberry.com\/es\/beyond-luxury-any-doubts\/\">Read More<\/a><\/div><\/div><\/li><li><div class=\"row clearfix\"><div class=\"blogs  col-xs-12 col-sm-4\" ><img loading=\"lazy\" decoding=\"async\" width=\"2550\" height=\"3508\" src=\"https:\/\/reefberry.com\/wp-content\/uploads\/2017\/08\/Deakin.jpg\" class=\"attachment-full size-full wp-post-image\" alt=\"\" srcset=\"https:\/\/reefberry.com\/wp-content\/uploads\/2017\/08\/Deakin.jpg 2550w, https:\/\/reefberry.com\/wp-content\/uploads\/2017\/08\/Deakin-218x300.jpg 218w, https:\/\/reefberry.com\/wp-content\/uploads\/2017\/08\/Deakin-768x1057.jpg 768w, https:\/\/reefberry.com\/wp-content\/uploads\/2017\/08\/Deakin-744x1024.jpg 744w\" sizes=\"auto, (max-width: 2550px) 100vw, 2550px\" \/> \n\n\t                <h2>Fishmart aparece en las breves notas de clase<\/h2><span class=\"date\">03-Sep-2025<\/span><p><\/p><a class=\"read-more\" href=\"https:\/\/reefberry.com\/es\/fishmart-aparece-en-las-breves-notas-de-clase-del-deakin-times\/\">Read More<\/a><\/div><div class=\"blogs  col-xs-12 col-sm-4\" ><img loading=\"lazy\" decoding=\"async\" width=\"400\" height=\"267\" src=\"https:\/\/reefberry.com\/wp-content\/uploads\/2016\/05\/86807841_XS.jpg\" class=\"attachment-full size-full wp-post-image\" alt=\"\" srcset=\"https:\/\/reefberry.com\/wp-content\/uploads\/2016\/05\/86807841_XS.jpg 400w, https:\/\/reefberry.com\/wp-content\/uploads\/2016\/05\/86807841_XS-300x200.jpg 300w\" sizes=\"auto, (max-width: 400px) 100vw, 400px\" \/> \n\n\t                <h2>El Washington Post destaca los omega 3 presentes<\/h2><span class=\"date\">02-Sep-2025<\/span><p><\/p><a class=\"read-more\" href=\"https:\/\/reefberry.com\/es\/el-washington-post-destaca-los-omega-3-presentes-en-el-pescado\/\">Read More<\/a><\/div><div class=\"blogs  col-xs-12 col-sm-4\" ><img loading=\"lazy\" decoding=\"async\" width=\"660\" height=\"440\" src=\"https:\/\/reefberry.com\/wp-content\/uploads\/2017\/08\/shrimp.jpg\" class=\"attachment-full size-full wp-post-image\" alt=\"\" srcset=\"https:\/\/reefberry.com\/wp-content\/uploads\/2017\/08\/shrimp.jpg 660w, https:\/\/reefberry.com\/wp-content\/uploads\/2017\/08\/shrimp-300x200.jpg 300w\" sizes=\"auto, (max-width: 660px) 100vw, 660px\" \/> \n\n\t                <h2>Shrimp Exports: India turns world No 1 in\u00a02016<\/h2><span class=\"date\">26-Ago-2017<\/span><p>Lorem Ipsum is simply dummy text of the printing and typesetting industry. Lorem Ipsum has been the industry's standard dummy text ever since the 1500s.<\/p><a class=\"read-more\" href=\"https:\/\/reefberry.com\/es\/shrimp-exports-india-turns-world-no-1-in-2016-financial-express\/\">Read More<\/a><\/div><\/div><\/li><li><div class=\"row clearfix\"><div class=\"blogs  col-xs-12 col-sm-4\" ><img loading=\"lazy\" decoding=\"async\" width=\"650\" height=\"300\" src=\"https:\/\/reefberry.com\/wp-content\/uploads\/2016\/06\/width_650.height_300.mode_FillAreaWithCrop.pos_Default.color_White.jpg\" class=\"attachment-full size-full wp-post-image\" alt=\"\" srcset=\"https:\/\/reefberry.com\/wp-content\/uploads\/2016\/06\/width_650.height_300.mode_FillAreaWithCrop.pos_Default.color_White.jpg 650w, https:\/\/reefberry.com\/wp-content\/uploads\/2016\/06\/width_650.height_300.mode_FillAreaWithCrop.pos_Default.color_White-300x138.jpg 300w\" sizes=\"auto, (max-width: 650px) 100vw, 650px\" \/> \n\n\t                <h2>Health effects of seafood<\/h2><span class=\"date\">27-Jun-2016<\/span><p>Seafood is a natural part of a balanced diet. It contains high levels of several important nutrients ( and thus helps us maintain a good nutritional status).<\/p><a class=\"read-more\" href=\"https:\/\/reefberry.com\/es\/health-effects-of-seafood\/\">Read More<\/a><\/div><\/ul><\/div>[\/vc_column_inner][\/vc_row_inner][\/vc_column][\/vc_row]<\/p>\n<\/div>","protected":false},"excerpt":{"rendered":"<p>[vc_row][vc_column][vc_row_inner][vc_column_inner][vc_column_text css=\u00bb\u00bb] [\/vc_column_text][\/vc_column_inner][\/vc_row_inner][\/vc_column][\/vc_row][vc_row][vc_column el_class=\u00bbupper\u00bb][vc_btn title=\u00bbProductos\u00bb align=\u00bbcenter\u00bb el_class=\u00bbproduct-heading\u00bb link=\u00bburl:http%3A%2F%2Freefberry.com%2Fproducts%2F|title:Productos|target:%20_blank|\u00bb][vc_row_inner el_class=\u00bbcontainer\u00bb][vc_column_inner][vc_column_text css_animation=\u00bbleft-to-right\u00bb el_class=\u00bbproducts-note\u00bb] Ofrecemos una amplia gama de pescado y marisco de calidad en grandes cantidades y en todas las formas posibles que pueda desear. &nbsp; Es 100 % org\u00e1nico, capturado en estado salvaje en las aguas puras del vasto mar Ar\u00e1bigo [\u00c1rea 51 de la FAO] [&hellip;]<\/p>\n","protected":false},"author":1,"featured_media":0,"parent":0,"menu_order":0,"comment_status":"closed","ping_status":"closed","template":"template-home.php","meta":{"_acf_changed":false,"footnotes":""},"class_list":["post-2246","page","type-page","status-publish","hentry"],"acf":[],"_links":{"self":[{"href":"https:\/\/reefberry.com\/es\/wp-json\/wp\/v2\/pages\/2246","targetHints":{"allow":["GET"]}}],"collection":[{"href":"https:\/\/reefberry.com\/es\/wp-json\/wp\/v2\/pages"}],"about":[{"href":"https:\/\/reefberry.com\/es\/wp-json\/wp\/v2\/types\/page"}],"author":[{"embeddable":true,"href":"https:\/\/reefberry.com\/es\/wp-json\/wp\/v2\/users\/1"}],"replies":[{"embeddable":true,"href":"https:\/\/reefberry.com\/es\/wp-json\/wp\/v2\/comments?post=2246"}],"version-history":[{"count":14,"href":"https:\/\/reefberry.com\/es\/wp-json\/wp\/v2\/pages\/2246\/revisions"}],"predecessor-version":[{"id":3117,"href":"https:\/\/reefberry.com\/es\/wp-json\/wp\/v2\/pages\/2246\/revisions\/3117"}],"wp:attachment":[{"href":"https:\/\/reefberry.com\/es\/wp-json\/wp\/v2\/media?parent=2246"}],"curies":[{"name":"wp","href":"https:\/\/api.w.org\/{rel}","templated":true}]}}