{"id":2143,"date":"2016-02-10T04:34:20","date_gmt":"2016-02-10T04:34:20","guid":{"rendered":"http:\/\/projects.thesparxitsolutions.com\/CSS4955\/es\/?page_id=2143"},"modified":"2016-07-13T15:44:39","modified_gmt":"2016-07-13T10:14:39","slug":"reefberry","status":"publish","type":"page","link":"https:\/\/reefberry.com\/es\/reefberry\/","title":{"rendered":"@Reefberry"},"content":{"rendered":"<div class=\"wpb-content-wrapper\"><p>[vc_row el_class=\u00bbabout-content-text\u00bb][vc_column][vc_row_inner][vc_column_inner][vc_btn title=\u00bbAbout the company\u00bb align=\u00bbcenter\u00bb el_class=\u00bbsection-heading abot\u00bb][\/vc_column_inner][\/vc_row_inner][vc_row_inner el_class=\u00bbcontainer \u00bb css=\u00bb.vc_custom_1455876370801{padding-bottom: 115px !important;}\u00bb][vc_column_inner el_class=\u00bbcontact-part\u00bb width=\u00bb2\/3&#8243;][vc_column_text]<\/p>\n<p class=\"western\" lang=\"pt-PT\" align=\"JUSTIFY\"><span style=\"font-family: Verdana, sans-serif;\"><span lang=\"en-GB\"><b> Reefberry Foodex tiene como su objetivo ser la mejor Empresa de Soluciones Globales Alimentares con la intenci\u00f3n de fornecer Productos Alimentares de Luxo al alcance de todos . .<\/b><\/span><\/span><\/p>\n<p class=\"western\" lang=\"pt-PT\" align=\"JUSTIFY\"><span style=\"font-family: Verdana, sans-serif;\"><span lang=\"en-GB\">En la Foodex, la nuestra pasi\u00f3n nos conduce \u00e0 la creaci\u00f3n del mejor equilibrio costo\/calidad para el consumidor final.Adem\u00e1s, la nuestra dedicaci\u00f3n al Mercado Pesquisa y Desenvolvimiento nos permite superar la competici\u00f3n y mantenernos en la frente al nivele de la innovaci\u00f3n.Tenemos clientes en todo el mundo y su n\u00famero continua a aumentar. Mirando los dados de crecimiento, tenemos la intenci\u00f3n de expandir el n\u00famero de las nuestras sucursales, por fases, lo que nos va a ayudar a mejor entender nuestros consumidores para les ofertar una mejor satisfacci\u00f3n.<br \/>\nDe modo a facilitar la realizaci\u00f3n de los negocios damos seguimiento<\/span><\/span><\/p>\n<p class=\"western\" lang=\"en-GB\" align=\"JUSTIFY\"><span style=\"font-family: Verdana, sans-serif;\">\u00a0<\/span><\/p>\n<p>&nbsp;<\/p>\n<p><span style=\"font-family: Verdana, sans-serif;\"><span lang=\"en-GB\"><i><b>\u00a0\u00e0nuestra filosof\u00eda de cementar las relaciones con nuestros consumidores e incrementar nuestro crecimiento . . .<\/b><\/i><\/span><\/span>[\/vc_column_text][\/vc_column_inner][vc_column_inner width=\u00bb1\/3&#8243;][vc_single_image image=\u00bb2102&#8243; img_size=\u00bbfull\u00bb][\/vc_column_inner][\/vc_row_inner][vc_row_inner el_class=\u00bbcontainer\u00bb css=\u00bb.vc_custom_1455876380264{padding-bottom: 115px !important;}\u00bb][vc_column_inner width=\u00bb1\/3&#8243;][vc_single_image image=\u00bb2107&#8243; img_size=\u00bbfull\u00bb][\/vc_column_inner][vc_column_inner el_class=\u00bbcontact-part\u00bb width=\u00bb2\/3&#8243;][vc_column_text]<\/p>\n<p class=\"western\" lang=\"en-GB\" align=\"JUSTIFY\"><span style=\"font-family: Verdana, sans-serif;\">Foodex se rige por los m\u00e1s elevados padrones de conducta comercial: Integridad, \u00c9tica, Honestidad y Sinceridad que son la base de la nuestra forma de estar.Se debe destacar que, en Foodex, tenemos preocupaciones sociales e ambientales. Contribuimos para la creaci\u00f3n de puestos de trabajo, sea directa \u00f3 indirectamente, nos focalizamos en la mejor utilizaci\u00f3n de los recursos naturales y en el cuidado con el medio ambiente que son la nuestra principal prioridad y pre-condici\u00f3n para el desenvolvimiento de nuestro negocio.La nuestra visi\u00f3n, misi\u00f3n y objetivo refleten la nuestra intenci\u00f3n:<\/span><\/p>\n<p class=\"western\" lang=\"pt-PT\" align=\"JUSTIFY\"><span style=\"font-family: Verdana, sans-serif;\"><span lang=\"en-GB\">nos comprometemos a fornecer \u201c Productos Alimentares de Luxo al alcance de todos \u201d. <\/span><\/span><\/p>\n<p class=\"western\" lang=\"pt-PT\" align=\"JUSTIFY\"><span style=\"font-family: Verdana, sans-serif;\"><span lang=\"en-GB\">Our Vision, Mission and Goal reflect our intention:<\/span><\/span><span style=\"font-family: Verdana, sans-serif;\"><span lang=\"en-GB\"><span lang=\"es-ES\"><i><b>nos comprometemos a fornecer \u201c Productos Alimentares de Luxo al alcance de todos \u201d.<\/b><\/i><\/span><\/span><\/span><\/p>\n<p class=\"western\" lang=\"pt-PT\" align=\"JUSTIFY\"><span style=\"font-family: Verdana, sans-serif;\"><span lang=\"en-GB\">El grafico abajo presentado es la prueba de la forma como todos los Socios Comerciales, Suministradores, Clientes y Consumidores de Foodex tienen presentado crecimiento.<\/span><\/span><\/p>\n<p>[\/vc_column_text][\/vc_column_inner][\/vc_row_inner][\/vc_column][\/vc_row][vc_row el_class=\u00bbneww\u00bb][vc_column][vc_row_inner el_class=\u00bbcolr\u00bb][vc_column_inner][vc_btn title=\u00bbProcess Control\u00bb style=\u00bbflat\u00bb align=\u00bbcenter\u00bb el_class=\u00bbsection-heading ano cnt\u00bb][\/vc_column_inner][\/vc_row_inner][vc_row_inner el_class=\u00bbcontainer single-image-mobile ttt\u00bb][vc_column_inner width=\u00bb1\/3&#8243;][vc_single_image image=\u00bb1965&#8243; img_size=\u00bbfull\u00bb][\/vc_column_inner][vc_column_inner width=\u00bb1\/3&#8243;][vc_single_image image=\u00bb1970&#8243; img_size=\u00bbfull\u00bb][\/vc_column_inner][vc_column_inner width=\u00bb1\/3&#8243;][vc_single_image image=\u00bb1975&#8243; img_size=\u00bbfull\u00bb][\/vc_column_inner][\/vc_row_inner][vc_row_inner el_class=\u00bbcontainer process-control process-padding\u00bb][vc_column_inner][vc_column_text]<img loading=\"lazy\" decoding=\"async\" class=\"alignnone size-medium wp-image-1791 aligncenter\" src=\"http:\/\/localhost\/local-theme\/reefberry\/wp-content\/uploads\/2016\/02\/te-300x38.png\" alt=\"te\" width=\"300\" height=\"38\" srcset=\"https:\/\/reefberry.com\/wp-content\/uploads\/2016\/02\/te-300x38.png 300w, https:\/\/reefberry.com\/wp-content\/uploads\/2016\/02\/te.png 622w\" sizes=\"auto, (max-width: 300px) 100vw, 300px\" \/>[\/vc_column_text][\/vc_column_inner][\/vc_row_inner][vc_row_inner el_class=\u00bbcontainer single-image-mobile\u00bb][vc_column_inner width=\u00bb1\/3&#8243;][vc_single_image image=\u00bb1980&#8243; img_size=\u00bbfull\u00bb][\/vc_column_inner][vc_column_inner width=\u00bb1\/3&#8243;][vc_single_image image=\u00bb1985&#8243; img_size=\u00bbfull\u00bb][\/vc_column_inner][vc_column_inner width=\u00bb1\/3&#8243;][vc_single_image image=\u00bb1990&#8243; img_size=\u00bbfull\u00bb][\/vc_column_inner][\/vc_row_inner][vc_row_inner][vc_column_inner][\/vc_column_inner][\/vc_row_inner][\/vc_column][\/vc_row][vc_row][vc_column][vc_row_inner][vc_column_inner][vc_btn title=\u00bbOur story\u00bb align=\u00bbcenter\u00bb el_class=\u00bbsection-heading story uno2&#8243;][\/vc_column_inner][\/vc_row_inner][vc_row_inner el_class=\u00bbcontainer history-contents\u00bb][vc_column_inner][vc_column_text][\/vc_column_text][\/vc_column_inner][\/vc_row_inner][\/vc_column][\/vc_row][vc_row][vc_column]<div class=\"container\" ><ul class=\"history-list\" ><li class=\"clearfix\" ><div class=\"full-date\">1990<\/div>\n\n\t\t        \n\n\t\t        <div class=\"full-content\"><h3>Conceptualized<\/h3><p>Foodex Group, an Umbrella with an aim to provide Luxury Food to all classes of Society, Worldwide.<\/p>\n<\/div><\/li><li class=\"clearfix\" ><div class=\"full-date\">1990 to 2000<\/div>\n\n\t\t        \n\n\t\t        <div class=\"full-content\"><h3>Professional Grooming<\/h3><p>Required Professional Experience was attained by founders at top corporates.<\/p>\n<\/div><\/li><li class=\"clearfix\" ><div class=\"full-date\">2001<\/div>\n\n\t\t        \n\n\t\t        <div class=\"full-content\"><h3>Established <\/h3><p>Fishmart &#8211; An International Seafood Marketing Company.<\/p>\n<\/div><\/li><li class=\"clearfix\" ><div class=\"full-date\">2006<\/div>\n\n\t\t        \n\n\t\t        <div class=\"full-content\"><h3>Launched <\/h3><p>Royal Touch- A Creative Service provider for making lives better.<\/p>\n<\/div><\/li><li class=\"clearfix\" ><div class=\"full-date\">2014<\/div>\n\n\t\t        \n\n\t\t        <div class=\"full-content\"><h3>Promoted <\/h3><p>Reefberry Foodex Pvt. Ltd.- A Global Player of Healthy Food for all.<\/p>\n<\/div><\/li><\/ul><\/div >[\/vc_column][\/vc_row]<\/p>\n<\/div>","protected":false},"excerpt":{"rendered":"<p>[vc_row el_class=\u00bbabout-content-text\u00bb][vc_column][vc_row_inner][vc_column_inner][vc_btn title=\u00bbAbout the company\u00bb align=\u00bbcenter\u00bb el_class=\u00bbsection-heading abot\u00bb][\/vc_column_inner][\/vc_row_inner][vc_row_inner el_class=\u00bbcontainer \u00bb css=\u00bb.vc_custom_1455876370801{padding-bottom: 115px !important;}\u00bb][vc_column_inner el_class=\u00bbcontact-part\u00bb width=\u00bb2\/3&#8243;][vc_column_text] Reefberry Foodex tiene como su objetivo ser la mejor Empresa de Soluciones Globales Alimentares con la intenci\u00f3n de fornecer Productos Alimentares de Luxo al alcance de todos . . En la Foodex, la nuestra pasi\u00f3n nos conduce \u00e0 la creaci\u00f3n [&hellip;]<\/p>\n","protected":false},"author":1,"featured_media":1765,"parent":0,"menu_order":0,"comment_status":"closed","ping_status":"closed","template":"template-aboutus.php","meta":{"_acf_changed":false,"footnotes":""},"class_list":["post-2143","page","type-page","status-publish","has-post-thumbnail","hentry"],"acf":[],"_links":{"self":[{"href":"https:\/\/reefberry.com\/es\/wp-json\/wp\/v2\/pages\/2143","targetHints":{"allow":["GET"]}}],"collection":[{"href":"https:\/\/reefberry.com\/es\/wp-json\/wp\/v2\/pages"}],"about":[{"href":"https:\/\/reefberry.com\/es\/wp-json\/wp\/v2\/types\/page"}],"author":[{"embeddable":true,"href":"https:\/\/reefberry.com\/es\/wp-json\/wp\/v2\/users\/1"}],"replies":[{"embeddable":true,"href":"https:\/\/reefberry.com\/es\/wp-json\/wp\/v2\/comments?post=2143"}],"version-history":[{"count":7,"href":"https:\/\/reefberry.com\/es\/wp-json\/wp\/v2\/pages\/2143\/revisions"}],"predecessor-version":[{"id":2300,"href":"https:\/\/reefberry.com\/es\/wp-json\/wp\/v2\/pages\/2143\/revisions\/2300"}],"wp:featuredmedia":[{"embeddable":true,"href":"https:\/\/reefberry.com\/es\/wp-json\/wp\/v2\/media\/1765"}],"wp:attachment":[{"href":"https:\/\/reefberry.com\/es\/wp-json\/wp\/v2\/media?parent=2143"}],"curies":[{"name":"wp","href":"https:\/\/api.w.org\/{rel}","templated":true}]}}